{"id":15539,"date":"2023-11-04T02:57:14","date_gmt":"2023-11-04T01:57:14","guid":{"rendered":"http:\/\/innocentiemangonipiante.it\/robinia-pseudoacacia-bessoniana\/"},"modified":"2023-11-08T13:05:23","modified_gmt":"2023-11-08T12:05:23","slug":"robinia-pseudoacacia-bessoniana","status":"publish","type":"product","link":"https:\/\/innocentiemangonipiante.it\/de\/robinia-pseudoacacia-bessoniana\/","title":{"rendered":"ROBINIA pseudoacacia &#8218;Bessoniana&#8216;"},"content":{"rendered":"<p>Sommergr\u00fcner gro\u00dfer Baum mit anfangs kegelf\u00f6rmigem und sp\u00e4ter im Alter rundlichem Wuchs. Die wechselst\u00e4ndigen, gefiederten Bl\u00e4tter bestehen aus 10-20 elliptischen 3-4 cm langen Bl\u00e4ttchen, die dunkelgr\u00fcn bis blaugr\u00fcn sind und auf hellbraunen, meist dornenlosen Zweigen wachsen.<\/p>\n","protected":false},"excerpt":{"rendered":"<p>Sommergr\u00fcner gro\u00dfer Baum mit anfangs kegelf\u00f6rmigem und sp\u00e4ter im Alter rundlichem Wuchs. Die wechselst\u00e4ndigen, gefiederten Bl\u00e4tter bestehen aus 10-20 elliptischen 3-4 cm langen Bl\u00e4ttchen, die dunkelgr\u00fcn bis blaugr\u00fcn sind und auf hellbraunen, meist dornenlosen Zweigen wachsen.<\/p>\n","protected":false},"featured_media":5333,"template":"","meta":{"_acf_changed":false},"product_brand":[],"product_cat":[8813,9231],"product_tag":[10898],"class_list":{"0":"post-15539","1":"product","2":"type-product","3":"status-publish","4":"has-post-thumbnail","6":"product_cat-laubbaume-und-straucher","7":"product_cat-baume-und-pflanzen-der-zukunft","8":"product_tag-naturlichen","9":"pa_altezza-massima-800-de","10":"pa_altezza-massima-12-meter","11":"pa_colore-fioritura-rot","12":"pa_famiglia-leguminosae-de","13":"pa_genere-robinia-de","14":"pa_inquinamento-bestaendigkeit-gegen-smog","15":"pa_origine-u-s-a","16":"pa_periodo-fioritura-juli","17":"pa_periodo-fioritura-juni","18":"pa_portamento-arrotondato-de","19":"pa_profumo-intensiv","20":"pa_resistenza-climatica-sehr-hoch","21":"pa_resistenza-del-suolo-bestandig-gegen-kalkhaltige-boden","22":"pa_resistenza-del-suolo-resistent-gegen-arme-boeden","23":"pa_salinita-bestaendigkeit-in-meeresluft","24":"pa_utilizzo-alleen","26":"first","27":"instock","28":"purchasable","29":"product-type-simple"},"acf":[],"_links":{"self":[{"href":"https:\/\/innocentiemangonipiante.it\/de\/wp-json\/wp\/v2\/product\/15539","targetHints":{"allow":["GET"]}}],"collection":[{"href":"https:\/\/innocentiemangonipiante.it\/de\/wp-json\/wp\/v2\/product"}],"about":[{"href":"https:\/\/innocentiemangonipiante.it\/de\/wp-json\/wp\/v2\/types\/product"}],"wp:featuredmedia":[{"embeddable":true,"href":"https:\/\/innocentiemangonipiante.it\/de\/wp-json\/wp\/v2\/media\/5333"}],"wp:attachment":[{"href":"https:\/\/innocentiemangonipiante.it\/de\/wp-json\/wp\/v2\/media?parent=15539"}],"wp:term":[{"taxonomy":"product_brand","embeddable":true,"href":"https:\/\/innocentiemangonipiante.it\/de\/wp-json\/wp\/v2\/product_brand?post=15539"},{"taxonomy":"product_cat","embeddable":true,"href":"https:\/\/innocentiemangonipiante.it\/de\/wp-json\/wp\/v2\/product_cat?post=15539"},{"taxonomy":"product_tag","embeddable":true,"href":"https:\/\/innocentiemangonipiante.it\/de\/wp-json\/wp\/v2\/product_tag?post=15539"}],"curies":[{"name":"wp","href":"https:\/\/api.w.org\/{rel}","templated":true}]}}