{"id":15540,"date":"2023-11-04T02:57:08","date_gmt":"2023-11-04T01:57:08","guid":{"rendered":"http:\/\/innocentiemangonipiante.it\/robinia-pseudoacacia\/"},"modified":"2023-11-08T13:05:21","modified_gmt":"2023-11-08T12:05:21","slug":"robinia-pseudoacacia","status":"publish","type":"product","link":"https:\/\/innocentiemangonipiante.it\/de\/robinia-pseudoacacia\/","title":{"rendered":"ROBINIA pseudoacacia"},"content":{"rendered":"<p>Schnellwachsender, breit s\u00e4ulenf\u00f6rmiger Baum. Dornig. Dunkelgr\u00fcne Bl\u00e4tter und weisse, duftende Bl\u00fcten von Anfang\/Mitte Sommer.<\/p>\n","protected":false},"excerpt":{"rendered":"<p>Schnellwachsender, breit s\u00e4ulenf\u00f6rmiger Baum. Dornig. Dunkelgr\u00fcne Bl\u00e4tter und weisse, duftende Bl\u00fcten von Anfang\/Mitte Sommer.<\/p>\n","protected":false},"featured_media":5322,"template":"","meta":{"_acf_changed":false},"product_brand":[],"product_cat":[8813],"product_tag":[10898],"class_list":{"0":"post-15540","1":"product","2":"type-product","3":"status-publish","4":"has-post-thumbnail","6":"product_cat-laubbaume-und-straucher","7":"product_tag-naturlichen","8":"pa_altezza-massima-20-meter","9":"pa_altezza-massima-25-meter","10":"pa_colore-fioritura-weis","11":"pa_famiglia-leguminosae-de","12":"pa_genere-robinia-de","13":"pa_inquinamento-bestaendigkeit-gegen-smog","14":"pa_origine-u-s-a","15":"pa_periodo-fioritura-juli","16":"pa_periodo-fioritura-juni","17":"pa_portamento-arrotondato-de","18":"pa_profumo-intensiv","19":"pa_resistenza-climatica-sehr-hoch","20":"pa_resistenza-del-suolo-bestandig-gegen-kalkhaltige-boden","21":"pa_resistenza-del-suolo-resistent-gegen-arme-boeden","22":"pa_salinita-bestaendigkeit-in-meeresluft","23":"pa_utilizzo-parks-de","25":"first","26":"instock","27":"purchasable","28":"product-type-simple"},"acf":[],"_links":{"self":[{"href":"https:\/\/innocentiemangonipiante.it\/de\/wp-json\/wp\/v2\/product\/15540","targetHints":{"allow":["GET"]}}],"collection":[{"href":"https:\/\/innocentiemangonipiante.it\/de\/wp-json\/wp\/v2\/product"}],"about":[{"href":"https:\/\/innocentiemangonipiante.it\/de\/wp-json\/wp\/v2\/types\/product"}],"wp:featuredmedia":[{"embeddable":true,"href":"https:\/\/innocentiemangonipiante.it\/de\/wp-json\/wp\/v2\/media\/5322"}],"wp:attachment":[{"href":"https:\/\/innocentiemangonipiante.it\/de\/wp-json\/wp\/v2\/media?parent=15540"}],"wp:term":[{"taxonomy":"product_brand","embeddable":true,"href":"https:\/\/innocentiemangonipiante.it\/de\/wp-json\/wp\/v2\/product_brand?post=15540"},{"taxonomy":"product_cat","embeddable":true,"href":"https:\/\/innocentiemangonipiante.it\/de\/wp-json\/wp\/v2\/product_cat?post=15540"},{"taxonomy":"product_tag","embeddable":true,"href":"https:\/\/innocentiemangonipiante.it\/de\/wp-json\/wp\/v2\/product_tag?post=15540"}],"curies":[{"name":"wp","href":"https:\/\/api.w.org\/{rel}","templated":true}]}}