{"id":15541,"date":"2023-11-04T02:57:02","date_gmt":"2023-11-04T01:57:02","guid":{"rendered":"http:\/\/innocentiemangonipiante.it\/robinia-elliottii\/"},"modified":"2023-11-08T13:05:19","modified_gmt":"2023-11-08T12:05:19","slug":"robinia-elliottii","status":"publish","type":"product","link":"https:\/\/innocentiemangonipiante.it\/de\/robinia-elliottii\/","title":{"rendered":"ROBINIA elliottii"},"content":{"rendered":"<p>Sommergr\u00fcner Strauch mit aufrechtem Wuchs. Die Fiederbl\u00e4tter bestehen aus 9-13 eif\u00f6rmigen hellgr\u00fcnen Bl\u00e4ttchen. Im Mai-Juni bl\u00fchen lebhaft rosa bis 12 cm lange nach unten h\u00e4ngende Bl\u00fctendolden. Die jungen Zweige sind mit kurzen steifen rotbraunen H\u00e4rchen besetzt.<\/p>\n","protected":false},"excerpt":{"rendered":"<p>Sommergr\u00fcner Strauch mit aufrechtem Wuchs. Die Fiederbl\u00e4tter bestehen aus 9-13 eif\u00f6rmigen hellgr\u00fcnen Bl\u00e4ttchen. Im Mai-Juni bl\u00fchen lebhaft rosa bis 12 cm lange nach unten h\u00e4ngende Bl\u00fctendolden. Die jungen Zweige sind mit kurzen steifen rotbraunen H\u00e4rchen besetzt.<\/p>\n","protected":false},"featured_media":5316,"template":"","meta":{"_acf_changed":false},"product_brand":[],"product_cat":[8813],"product_tag":[10898,8401],"class_list":{"0":"post-15541","1":"product","2":"type-product","3":"status-publish","4":"has-post-thumbnail","6":"product_cat-laubbaume-und-straucher","7":"product_tag-naturlichen","8":"product_tag-hochstamm","9":"pa_altezza-massima-300-de","10":"pa_altezza-massima-400-de","11":"pa_colore-fioritura-rose-de","12":"pa_condizionamento-m-de","13":"pa_famiglia-leguminosae-de","14":"pa_genere-robinia-de","15":"pa_inquinamento-bestaendigkeit-gegen-smog","16":"pa_origine-u-s-a","17":"pa_periodo-fioritura-juni","18":"pa_periodo-fioritura-mai-de","19":"pa_portamento-eretto-de","20":"pa_profumo-intensiv","21":"pa_resistenza-climatica-sehr-hoch","22":"pa_resistenza-del-suolo-bestandig-gegen-kalkhaltige-boden","23":"pa_resistenza-del-suolo-resistent-gegen-arme-boeden","24":"pa_salinita-bestaendigkeit-in-meeresluft","25":"pa_utilizzo-alleen","26":"pa_utilizzo-kleine-gaerten","28":"first","29":"instock","30":"purchasable","31":"product-type-simple"},"acf":[],"_links":{"self":[{"href":"https:\/\/innocentiemangonipiante.it\/de\/wp-json\/wp\/v2\/product\/15541","targetHints":{"allow":["GET"]}}],"collection":[{"href":"https:\/\/innocentiemangonipiante.it\/de\/wp-json\/wp\/v2\/product"}],"about":[{"href":"https:\/\/innocentiemangonipiante.it\/de\/wp-json\/wp\/v2\/types\/product"}],"wp:featuredmedia":[{"embeddable":true,"href":"https:\/\/innocentiemangonipiante.it\/de\/wp-json\/wp\/v2\/media\/5316"}],"wp:attachment":[{"href":"https:\/\/innocentiemangonipiante.it\/de\/wp-json\/wp\/v2\/media?parent=15541"}],"wp:term":[{"taxonomy":"product_brand","embeddable":true,"href":"https:\/\/innocentiemangonipiante.it\/de\/wp-json\/wp\/v2\/product_brand?post=15541"},{"taxonomy":"product_cat","embeddable":true,"href":"https:\/\/innocentiemangonipiante.it\/de\/wp-json\/wp\/v2\/product_cat?post=15541"},{"taxonomy":"product_tag","embeddable":true,"href":"https:\/\/innocentiemangonipiante.it\/de\/wp-json\/wp\/v2\/product_tag?post=15541"}],"curies":[{"name":"wp","href":"https:\/\/api.w.org\/{rel}","templated":true}]}}