{"id":15544,"date":"2023-11-04T02:58:21","date_gmt":"2023-11-04T01:58:21","guid":{"rendered":"http:\/\/innocentiemangonipiante.it\/rosa-banksiae-rosea\/"},"modified":"2023-11-08T13:05:49","modified_gmt":"2023-11-08T12:05:49","slug":"rosa-banksiae-rosea","status":"publish","type":"product","link":"https:\/\/innocentiemangonipiante.it\/de\/rosa-banksiae-rosea\/","title":{"rendered":"ROSA banksiae &#8218;Rosea&#8216;"},"content":{"rendered":"<p>Kletterpflanze mit tiefrosa Bl\u00fcte in halbdoppelte 4-5 cm Korollen, von Mai bis Juni. Tr\u00e4gt keine D\u00f6rner.<\/p>\n","protected":false},"excerpt":{"rendered":"<p>Kletterpflanze mit tiefrosa Bl\u00fcte in halbdoppelte 4-5 cm Korollen, von Mai bis Juni. Tr\u00e4gt keine D\u00f6rner.<\/p>\n","protected":false},"featured_media":5377,"template":"","meta":{"_acf_changed":false},"product_brand":[],"product_cat":[9231,8318],"product_tag":[10898],"class_list":{"0":"post-15544","1":"product","2":"type-product","3":"status-publish","4":"has-post-thumbnail","6":"product_cat-baume-und-pflanzen-der-zukunft","7":"product_cat-keine-kategorie","8":"product_tag-naturlichen","9":"pa_altezza-massima-600-de","10":"pa_altezza-massima-900-de","11":"pa_colore-fioritura-rose-de","12":"pa_condizionamento-clt-de","13":"pa_condizionamento-jungplanzen","14":"pa_famiglia-rosaceae-de","15":"pa_genere-rosa-de","16":"pa_origine-asien","17":"pa_periodo-fioritura-juni","18":"pa_periodo-fioritura-mai-de","19":"pa_resistenza-climatica-mittel-hoch","20":"pa_resistenza-del-suolo-bestandig-gegen-kalkhaltige-boden","21":"pa_salinita-bestaendigkeit-in-meeresluft","22":"pa_utilizzo-balkone","23":"pa_utilizzo-kleine-gaerten","24":"pa_utilizzo-parks-de","26":"first","27":"instock","28":"purchasable","29":"product-type-simple"},"acf":[],"_links":{"self":[{"href":"https:\/\/innocentiemangonipiante.it\/de\/wp-json\/wp\/v2\/product\/15544","targetHints":{"allow":["GET"]}}],"collection":[{"href":"https:\/\/innocentiemangonipiante.it\/de\/wp-json\/wp\/v2\/product"}],"about":[{"href":"https:\/\/innocentiemangonipiante.it\/de\/wp-json\/wp\/v2\/types\/product"}],"wp:featuredmedia":[{"embeddable":true,"href":"https:\/\/innocentiemangonipiante.it\/de\/wp-json\/wp\/v2\/media\/5377"}],"wp:attachment":[{"href":"https:\/\/innocentiemangonipiante.it\/de\/wp-json\/wp\/v2\/media?parent=15544"}],"wp:term":[{"taxonomy":"product_brand","embeddable":true,"href":"https:\/\/innocentiemangonipiante.it\/de\/wp-json\/wp\/v2\/product_brand?post=15544"},{"taxonomy":"product_cat","embeddable":true,"href":"https:\/\/innocentiemangonipiante.it\/de\/wp-json\/wp\/v2\/product_cat?post=15544"},{"taxonomy":"product_tag","embeddable":true,"href":"https:\/\/innocentiemangonipiante.it\/de\/wp-json\/wp\/v2\/product_tag?post=15544"}],"curies":[{"name":"wp","href":"https:\/\/api.w.org\/{rel}","templated":true}]}}