{"id":15550,"date":"2023-11-04T02:59:36","date_gmt":"2023-11-04T01:59:36","guid":{"rendered":"http:\/\/innocentiemangonipiante.it\/rosmarinus-officinalis-prostratus\/"},"modified":"2023-11-08T13:06:48","modified_gmt":"2023-11-08T12:06:48","slug":"rosmarinus-officinalis-prostratus","status":"publish","type":"product","link":"https:\/\/innocentiemangonipiante.it\/de\/rosmarinus-officinalis-prostratus\/","title":{"rendered":"ROSMARINUS officinalis &#8218;Prostratus&#8216;"},"content":{"rendered":"<p>Immergr\u00fcner h\u00e4ngenartiger Strauch mit krummen Zweigen nach unten und \u00e4hnliche Bl\u00e4tter wie die Grundsorte.<\/p>\n","protected":false},"excerpt":{"rendered":"<p>Immergr\u00fcner h\u00e4ngenartiger Strauch mit krummen Zweigen nach unten und \u00e4hnliche Bl\u00e4tter wie die Grundsorte.<\/p>\n","protected":false},"featured_media":5409,"template":"","meta":{"_acf_changed":false},"product_brand":[],"product_cat":[9231],"product_tag":[10898,8536],"class_list":{"0":"post-15550","1":"product","2":"type-product","3":"status-publish","4":"has-post-thumbnail","6":"product_cat-baume-und-pflanzen-der-zukunft","7":"product_tag-naturlichen","8":"product_tag-kegel","9":"pa_altezza-massima-100-de","10":"pa_altezza-massima-150-de","11":"pa_colore-fioritura-hellblau","12":"pa_condizionamento-clt-de","13":"pa_condizionamento-jungplanzen","14":"pa_famiglia-labiatae-de","15":"pa_genere-rosmarinus-de","16":"pa_origine-europaischen-mittelmeeres","17":"pa_periodo-fioritura-april-de","18":"pa_periodo-fioritura-august-de","19":"pa_periodo-fioritura-juli","20":"pa_periodo-fioritura-juni","21":"pa_periodo-fioritura-mai-de","22":"pa_periodo-fioritura-september-de","23":"pa_portamento-piangente-de","24":"pa_profumo-intensiv","25":"pa_resistenza-climatica-mittel-hoch","26":"pa_resistenza-del-suolo-bestandig-gegen-kalkhaltige-boden","27":"pa_resistenza-del-suolo-bestandig-gegen-trockene-boden","28":"pa_salinita-bestaendigkeit-in-meeresluft","29":"pa_utilizzo-balkone","30":"pa_utilizzo-bordueren","31":"pa_utilizzo-kleine-gaerten","33":"first","34":"instock","35":"purchasable","36":"product-type-simple"},"acf":[],"_links":{"self":[{"href":"https:\/\/innocentiemangonipiante.it\/de\/wp-json\/wp\/v2\/product\/15550","targetHints":{"allow":["GET"]}}],"collection":[{"href":"https:\/\/innocentiemangonipiante.it\/de\/wp-json\/wp\/v2\/product"}],"about":[{"href":"https:\/\/innocentiemangonipiante.it\/de\/wp-json\/wp\/v2\/types\/product"}],"wp:featuredmedia":[{"embeddable":true,"href":"https:\/\/innocentiemangonipiante.it\/de\/wp-json\/wp\/v2\/media\/5409"}],"wp:attachment":[{"href":"https:\/\/innocentiemangonipiante.it\/de\/wp-json\/wp\/v2\/media?parent=15550"}],"wp:term":[{"taxonomy":"product_brand","embeddable":true,"href":"https:\/\/innocentiemangonipiante.it\/de\/wp-json\/wp\/v2\/product_brand?post=15550"},{"taxonomy":"product_cat","embeddable":true,"href":"https:\/\/innocentiemangonipiante.it\/de\/wp-json\/wp\/v2\/product_cat?post=15550"},{"taxonomy":"product_tag","embeddable":true,"href":"https:\/\/innocentiemangonipiante.it\/de\/wp-json\/wp\/v2\/product_tag?post=15550"}],"curies":[{"name":"wp","href":"https:\/\/api.w.org\/{rel}","templated":true}]}}