{"id":15551,"date":"2023-11-04T02:59:18","date_gmt":"2023-11-04T01:59:18","guid":{"rendered":"http:\/\/innocentiemangonipiante.it\/rosmarinus-officinalis\/"},"modified":"2023-11-08T13:06:40","modified_gmt":"2023-11-08T12:06:40","slug":"rosmarinus-officinalis","status":"publish","type":"product","link":"https:\/\/innocentiemangonipiante.it\/de\/rosmarinus-officinalis\/","title":{"rendered":"ROSMARINUS officinalis"},"content":{"rendered":"<p>Immergr\u00fcner, aromatischer, dichter Strauch mit aufrechtem Wuchs und linealischen, ledernen, dunkelgr\u00fcnen Bl\u00e4ttern, die 3-4 cm lang werden.<\/p>\n","protected":false},"excerpt":{"rendered":"<p>Immergr\u00fcner, aromatischer, dichter Strauch mit aufrechtem Wuchs und linealischen, ledernen, dunkelgr\u00fcnen Bl\u00e4ttern, die 3-4 cm lang werden.<\/p>\n","protected":false},"featured_media":5401,"template":"","meta":{"_acf_changed":false},"product_brand":[],"product_cat":[8318],"product_tag":[10898],"class_list":{"0":"post-15551","1":"product","2":"type-product","3":"status-publish","4":"has-post-thumbnail","6":"product_cat-keine-kategorie","7":"product_tag-naturlichen","8":"pa_altezza-massima-150-de","9":"pa_altezza-massima-200-de","10":"pa_colore-fioritura-hellblau","11":"pa_condizionamento-clt-de","12":"pa_famiglia-labiatae-de","13":"pa_genere-rosmarinus-de","14":"pa_origine-europaischen-mittelmeeres","15":"pa_periodo-fioritura-april-de","16":"pa_periodo-fioritura-august-de","17":"pa_periodo-fioritura-juni","18":"pa_periodo-fioritura-mai-de","19":"pa_periodo-fioritura-september-de","20":"pa_portamento-saulenformig","21":"pa_profumo-intensiv","22":"pa_resistenza-climatica-mittel","23":"pa_resistenza-del-suolo-bestandig-gegen-kalkhaltige-boden","24":"pa_resistenza-del-suolo-bestandig-gegen-trockene-boden","25":"pa_salinita-bestaendigkeit-in-meeresluft","26":"pa_utilizzo-hecken","27":"pa_utilizzo-kleine-gaerten","28":"pa_utilizzo-parks-de","30":"first","31":"instock","32":"purchasable","33":"product-type-simple"},"acf":[],"_links":{"self":[{"href":"https:\/\/innocentiemangonipiante.it\/de\/wp-json\/wp\/v2\/product\/15551","targetHints":{"allow":["GET"]}}],"collection":[{"href":"https:\/\/innocentiemangonipiante.it\/de\/wp-json\/wp\/v2\/product"}],"about":[{"href":"https:\/\/innocentiemangonipiante.it\/de\/wp-json\/wp\/v2\/types\/product"}],"wp:featuredmedia":[{"embeddable":true,"href":"https:\/\/innocentiemangonipiante.it\/de\/wp-json\/wp\/v2\/media\/5401"}],"wp:attachment":[{"href":"https:\/\/innocentiemangonipiante.it\/de\/wp-json\/wp\/v2\/media?parent=15551"}],"wp:term":[{"taxonomy":"product_brand","embeddable":true,"href":"https:\/\/innocentiemangonipiante.it\/de\/wp-json\/wp\/v2\/product_brand?post=15551"},{"taxonomy":"product_cat","embeddable":true,"href":"https:\/\/innocentiemangonipiante.it\/de\/wp-json\/wp\/v2\/product_cat?post=15551"},{"taxonomy":"product_tag","embeddable":true,"href":"https:\/\/innocentiemangonipiante.it\/de\/wp-json\/wp\/v2\/product_tag?post=15551"}],"curies":[{"name":"wp","href":"https:\/\/api.w.org\/{rel}","templated":true}]}}