{"id":15553,"date":"2023-11-04T03:00:43","date_gmt":"2023-11-04T02:00:43","guid":{"rendered":"http:\/\/innocentiemangonipiante.it\/salix-gracilistyla-mount-aso\/"},"modified":"2023-11-08T13:07:19","modified_gmt":"2023-11-08T12:07:19","slug":"salix-gracilistyla-mount-aso","status":"publish","type":"product","link":"https:\/\/innocentiemangonipiante.it\/de\/salix-gracilistyla-mount-aso\/","title":{"rendered":"SALIX gracilistyla &#8218;Mount Aso&#8216;"},"content":{"rendered":"<p>Buschiger Strauch mit leicht bl\u00e4ulichen, silbrigen Bl\u00e4ttern auf der unteren Seite, die sich im Winter intensiv gelb f\u00e4rben. Die K\u00e4tzchen, die im Fr\u00fchjahr vor den Bl\u00e4ttern produziert werden, sind rosa mit silbrigen Reflexen.<\/p>\n","protected":false},"excerpt":{"rendered":"<p>Buschiger Strauch mit leicht bl\u00e4ulichen, silbrigen Bl\u00e4ttern auf der unteren Seite, die sich im Winter intensiv gelb f\u00e4rben. Die K\u00e4tzchen, die im Fr\u00fchjahr vor den Bl\u00e4ttern produziert werden, sind rosa mit silbrigen Reflexen.<\/p>\n","protected":false},"featured_media":5440,"template":"","meta":{"_acf_changed":false},"product_brand":[],"product_cat":[8813],"product_tag":[10898],"class_list":{"0":"post-15553","1":"product","2":"type-product","3":"status-publish","4":"has-post-thumbnail","6":"product_cat-laubbaume-und-straucher","7":"product_tag-naturlichen","8":"pa_altezza-massima-120-de","9":"pa_altezza-massima-180-de","10":"pa_colore-delle-foglie-blau","11":"pa_colore-fioritura-rose-de","12":"pa_famiglia-salicaceae-de","13":"pa_genere-salix-de","14":"pa_origine-japan-de","15":"pa_periodo-fioritura-februar","16":"pa_periodo-fioritura-maerz","17":"pa_portamento-arrotondato-de","18":"pa_resistenza-climatica-sehr-hoch","19":"pa_utilizzo-balkone","20":"pa_utilizzo-kleine-gaerten","22":"first","23":"instock","24":"purchasable","25":"product-type-simple"},"acf":[],"_links":{"self":[{"href":"https:\/\/innocentiemangonipiante.it\/de\/wp-json\/wp\/v2\/product\/15553","targetHints":{"allow":["GET"]}}],"collection":[{"href":"https:\/\/innocentiemangonipiante.it\/de\/wp-json\/wp\/v2\/product"}],"about":[{"href":"https:\/\/innocentiemangonipiante.it\/de\/wp-json\/wp\/v2\/types\/product"}],"wp:featuredmedia":[{"embeddable":true,"href":"https:\/\/innocentiemangonipiante.it\/de\/wp-json\/wp\/v2\/media\/5440"}],"wp:attachment":[{"href":"https:\/\/innocentiemangonipiante.it\/de\/wp-json\/wp\/v2\/media?parent=15553"}],"wp:term":[{"taxonomy":"product_brand","embeddable":true,"href":"https:\/\/innocentiemangonipiante.it\/de\/wp-json\/wp\/v2\/product_brand?post=15553"},{"taxonomy":"product_cat","embeddable":true,"href":"https:\/\/innocentiemangonipiante.it\/de\/wp-json\/wp\/v2\/product_cat?post=15553"},{"taxonomy":"product_tag","embeddable":true,"href":"https:\/\/innocentiemangonipiante.it\/de\/wp-json\/wp\/v2\/product_tag?post=15553"}],"curies":[{"name":"wp","href":"https:\/\/api.w.org\/{rel}","templated":true}]}}