{"id":15555,"date":"2023-11-04T03:01:14","date_gmt":"2023-11-04T02:01:14","guid":{"rendered":"http:\/\/innocentiemangonipiante.it\/salix-repens\/"},"modified":"2023-11-08T13:07:35","modified_gmt":"2023-11-08T12:07:35","slug":"salix-repens","status":"publish","type":"product","link":"https:\/\/innocentiemangonipiante.it\/de\/salix-repens\/","title":{"rendered":"SALIX repens"},"content":{"rendered":"<p>Diese Auswahl ist interessant f\u00fcr die d\u00fcnne Zweigen, die Bl\u00e4tter sind grau-gr\u00fcn halb gr\u00fcn und hat eine Tendenz, sich zu \u00f6ffnen. Von Mitte bis Ende Fr\u00fchjahr werden reichen goldenen K\u00e4tzchen auf kahlen \u00c4sten hergestellt.<\/p>\n","protected":false},"excerpt":{"rendered":"<p>Diese Auswahl ist interessant f\u00fcr die d\u00fcnne Zweigen, die Bl\u00e4tter sind grau-gr\u00fcn halb gr\u00fcn und hat eine Tendenz, sich zu \u00f6ffnen. Von Mitte bis Ende Fr\u00fchjahr werden reichen goldenen K\u00e4tzchen auf kahlen \u00c4sten hergestellt.<\/p>\n","protected":false},"featured_media":5470,"template":"","meta":{"_acf_changed":false},"product_brand":[],"product_cat":[8813],"product_tag":[10898],"class_list":{"0":"post-15555","1":"product","2":"type-product","3":"status-publish","4":"has-post-thumbnail","6":"product_cat-laubbaume-und-straucher","7":"product_tag-naturlichen","8":"pa_altezza-massima-150-de","9":"pa_altezza-massima-200-de","10":"pa_colore-delle-foglie-grauen","11":"pa_colore-fioritura-gelbe","12":"pa_condizionamento-clt-de","13":"pa_famiglia-salicaceae-de","14":"pa_genere-salix-de","15":"pa_inquinamento-bestaendigkeit-gegen-smog","16":"pa_origine-europe-de","17":"pa_periodo-fioritura-april-de","18":"pa_periodo-fioritura-mai-de","19":"pa_portamento-piangente-de","20":"pa_resistenza-climatica-sehr-hoch","21":"pa_resistenza-del-suolo-bestandigkeit-auf-feuchten-boden","22":"pa_salinita-bestaendigkeit-in-meeresluft","23":"pa_utilizzo-balkone","24":"pa_utilizzo-kleine-gaerten","26":"first","27":"instock","28":"purchasable","29":"product-type-simple"},"acf":[],"_links":{"self":[{"href":"https:\/\/innocentiemangonipiante.it\/de\/wp-json\/wp\/v2\/product\/15555","targetHints":{"allow":["GET"]}}],"collection":[{"href":"https:\/\/innocentiemangonipiante.it\/de\/wp-json\/wp\/v2\/product"}],"about":[{"href":"https:\/\/innocentiemangonipiante.it\/de\/wp-json\/wp\/v2\/types\/product"}],"wp:featuredmedia":[{"embeddable":true,"href":"https:\/\/innocentiemangonipiante.it\/de\/wp-json\/wp\/v2\/media\/5470"}],"wp:attachment":[{"href":"https:\/\/innocentiemangonipiante.it\/de\/wp-json\/wp\/v2\/media?parent=15555"}],"wp:term":[{"taxonomy":"product_brand","embeddable":true,"href":"https:\/\/innocentiemangonipiante.it\/de\/wp-json\/wp\/v2\/product_brand?post=15555"},{"taxonomy":"product_cat","embeddable":true,"href":"https:\/\/innocentiemangonipiante.it\/de\/wp-json\/wp\/v2\/product_cat?post=15555"},{"taxonomy":"product_tag","embeddable":true,"href":"https:\/\/innocentiemangonipiante.it\/de\/wp-json\/wp\/v2\/product_tag?post=15555"}],"curies":[{"name":"wp","href":"https:\/\/api.w.org\/{rel}","templated":true}]}}