{"id":15557,"date":"2023-11-04T03:01:02","date_gmt":"2023-11-04T02:01:02","guid":{"rendered":"http:\/\/innocentiemangonipiante.it\/salix-matsudana-tortuosa\/"},"modified":"2023-11-08T13:07:30","modified_gmt":"2023-11-08T12:07:30","slug":"salix-matsudana-tortuosa","status":"publish","type":"product","link":"https:\/\/innocentiemangonipiante.it\/de\/salix-matsudana-tortuosa\/","title":{"rendered":"SALIX matsudana &#8218;Tortuosa&#8216;"},"content":{"rendered":"<p>Gro\u00dfer aufrechter und schnell wachsender Strauch. Die Zweige sind seltsam gewellt, besonders die jungen Zweige. Die Bl\u00e4tter sind leuchtend gr\u00fcn und verdreht. Sehr dekorativ im Winter.<\/p>\n","protected":false},"excerpt":{"rendered":"<p>Gro\u00dfer aufrechter und schnell wachsender Strauch. Die Zweige sind seltsam gewellt, besonders die jungen Zweige. Die Bl\u00e4tter sind leuchtend gr\u00fcn und verdreht. Sehr dekorativ im Winter.<\/p>\n","protected":false},"featured_media":5458,"template":"","meta":{"_acf_changed":false},"product_brand":[],"product_cat":[8813],"product_tag":[10898,8401],"class_list":{"0":"post-15557","1":"product","2":"type-product","3":"status-publish","4":"has-post-thumbnail","6":"product_cat-laubbaume-und-straucher","7":"product_tag-naturlichen","8":"product_tag-hochstamm","9":"pa_altezza-massima-1000-de-2","10":"pa_altezza-massima-15-meter","11":"pa_colore-fioritura-gelbe","12":"pa_condizionamento-clt-de","13":"pa_condizionamento-m-de","14":"pa_famiglia-salicaceae-de","15":"pa_genere-salix-de","16":"pa_origine-ostasien","17":"pa_periodo-fioritura-april-de","18":"pa_periodo-fioritura-maerz","19":"pa_portamento-saulenformig","20":"pa_resistenza-climatica-sehr-hoch","21":"pa_resistenza-del-suolo-bestandig-gegen-kalkhaltige-boden","22":"pa_resistenza-del-suolo-bestandigkeit-auf-feuchten-boden","23":"pa_salinita-bestaendigkeit-in-meeresluft","24":"pa_utilizzo-parks-de","26":"first","27":"instock","28":"purchasable","29":"product-type-simple"},"acf":[],"_links":{"self":[{"href":"https:\/\/innocentiemangonipiante.it\/de\/wp-json\/wp\/v2\/product\/15557","targetHints":{"allow":["GET"]}}],"collection":[{"href":"https:\/\/innocentiemangonipiante.it\/de\/wp-json\/wp\/v2\/product"}],"about":[{"href":"https:\/\/innocentiemangonipiante.it\/de\/wp-json\/wp\/v2\/types\/product"}],"wp:featuredmedia":[{"embeddable":true,"href":"https:\/\/innocentiemangonipiante.it\/de\/wp-json\/wp\/v2\/media\/5458"}],"wp:attachment":[{"href":"https:\/\/innocentiemangonipiante.it\/de\/wp-json\/wp\/v2\/media?parent=15557"}],"wp:term":[{"taxonomy":"product_brand","embeddable":true,"href":"https:\/\/innocentiemangonipiante.it\/de\/wp-json\/wp\/v2\/product_brand?post=15557"},{"taxonomy":"product_cat","embeddable":true,"href":"https:\/\/innocentiemangonipiante.it\/de\/wp-json\/wp\/v2\/product_cat?post=15557"},{"taxonomy":"product_tag","embeddable":true,"href":"https:\/\/innocentiemangonipiante.it\/de\/wp-json\/wp\/v2\/product_tag?post=15557"}],"curies":[{"name":"wp","href":"https:\/\/api.w.org\/{rel}","templated":true}]}}