{"id":15559,"date":"2023-11-04T03:00:50","date_gmt":"2023-11-04T02:00:50","guid":{"rendered":"http:\/\/innocentiemangonipiante.it\/salix-integra-hakuro-nishiki\/"},"modified":"2023-11-08T13:07:25","modified_gmt":"2023-11-08T12:07:25","slug":"salix-integra-hakuro-nishiki","status":"publish","type":"product","link":"https:\/\/innocentiemangonipiante.it\/de\/salix-integra-hakuro-nishiki\/","title":{"rendered":"SALIX integra &#8218;Hakuro-Nishiki&#8216;"},"content":{"rendered":"<p>Strauch oder kleiner Baum mit an den Enden h\u00e4ngenden \u00c4sten. Die Bl\u00e4tter sind schmal und lanzenf\u00f6rmig und etwa 10 cm lang, im Fr\u00fchjahr sind sie rosa, entwickeln aber nach und nach cremewei\u00dfe und gr\u00fcne Einf\u00e4rbungen, bis sie schlie\u00dflich im Sommer vollst\u00e4ndig gr\u00fcn werden. Die \u00c4ste werden im Herbst rot-orange.<\/p>\n","protected":false},"excerpt":{"rendered":"<p>Strauch oder kleiner Baum mit an den Enden h\u00e4ngenden \u00c4sten. Die Bl\u00e4tter sind schmal und lanzenf\u00f6rmig und etwa 10 cm lang, im Fr\u00fchjahr sind sie rosa, entwickeln aber nach und nach cremewei\u00dfe und gr\u00fcne Einf\u00e4rbungen, bis sie schlie\u00dflich im Sommer vollst\u00e4ndig gr\u00fcn werden. Die \u00c4ste werden im Herbst rot-orange.<\/p>\n","protected":false},"featured_media":5446,"template":"","meta":{"_acf_changed":false},"product_brand":[],"product_cat":[8813],"product_tag":[10898],"class_list":{"0":"post-15559","1":"product","2":"type-product","3":"status-publish","4":"has-post-thumbnail","6":"product_cat-laubbaume-und-straucher","7":"product_tag-naturlichen","8":"pa_altezza-massima-150-de","9":"pa_altezza-massima-200-de","10":"pa_colore-delle-foglie-vielfaeltigen","11":"pa_colore-fioritura-weis","12":"pa_famiglia-salicaceae-de","13":"pa_genere-salix-de","14":"pa_origine-asien","15":"pa_periodo-fioritura-april-de","16":"pa_periodo-fioritura-maerz","17":"pa_portamento-piangente-de","18":"pa_resistenza-climatica-sehr-hoch","19":"pa_resistenza-del-suolo-bestandigkeit-auf-feuchten-boden","20":"pa_utilizzo-kleine-gaerten","22":"first","23":"instock","24":"purchasable","25":"product-type-simple"},"acf":[],"_links":{"self":[{"href":"https:\/\/innocentiemangonipiante.it\/de\/wp-json\/wp\/v2\/product\/15559","targetHints":{"allow":["GET"]}}],"collection":[{"href":"https:\/\/innocentiemangonipiante.it\/de\/wp-json\/wp\/v2\/product"}],"about":[{"href":"https:\/\/innocentiemangonipiante.it\/de\/wp-json\/wp\/v2\/types\/product"}],"wp:featuredmedia":[{"embeddable":true,"href":"https:\/\/innocentiemangonipiante.it\/de\/wp-json\/wp\/v2\/media\/5446"}],"wp:attachment":[{"href":"https:\/\/innocentiemangonipiante.it\/de\/wp-json\/wp\/v2\/media?parent=15559"}],"wp:term":[{"taxonomy":"product_brand","embeddable":true,"href":"https:\/\/innocentiemangonipiante.it\/de\/wp-json\/wp\/v2\/product_brand?post=15559"},{"taxonomy":"product_cat","embeddable":true,"href":"https:\/\/innocentiemangonipiante.it\/de\/wp-json\/wp\/v2\/product_cat?post=15559"},{"taxonomy":"product_tag","embeddable":true,"href":"https:\/\/innocentiemangonipiante.it\/de\/wp-json\/wp\/v2\/product_tag?post=15559"}],"curies":[{"name":"wp","href":"https:\/\/api.w.org\/{rel}","templated":true}]}}