{"id":15560,"date":"2023-11-04T03:00:37","date_gmt":"2023-11-04T02:00:37","guid":{"rendered":"http:\/\/innocentiemangonipiante.it\/salix-caprea-pendula\/"},"modified":"2023-11-08T13:07:15","modified_gmt":"2023-11-08T12:07:15","slug":"salix-caprea-pendula","status":"publish","type":"product","link":"https:\/\/innocentiemangonipiante.it\/de\/salix-caprea-pendula\/","title":{"rendered":"SALIX caprea &#8218;Pendula&#8216;"},"content":{"rendered":"<p>Baum mit herabh\u00e4ngendem Astwerk und einer dichten Krone nach unten h\u00e4ngendern Triebe mit einer gelb-brauen T\u00f6nung auf der Unterseite. Im Februar-M\u00e4rz wachsen auf den nosch blattlosen Zweigen m\u00e4nnliche goldgelbe \u201cKnospen\u201d, die in kleinen Gruppen angeordnet sind.<\/p>\n","protected":false},"excerpt":{"rendered":"<p>Baum mit herabh\u00e4ngendem Astwerk und einer dichten Krone nach unten h\u00e4ngendern Triebe mit einer gelb-brauen T\u00f6nung auf der Unterseite. Im Februar-M\u00e4rz wachsen auf den nosch blattlosen Zweigen m\u00e4nnliche goldgelbe \u201cKnospen\u201d, die in kleinen Gruppen angeordnet sind.<\/p>\n","protected":false},"featured_media":5434,"template":"","meta":{"_acf_changed":false},"product_brand":[],"product_cat":[8813],"product_tag":[10898,13891,8565,8401],"class_list":{"0":"post-15560","1":"product","2":"type-product","3":"status-publish","4":"has-post-thumbnail","6":"product_cat-laubbaume-und-straucher","7":"product_tag-naturlichen","8":"product_tag-h-st-schirm","9":"product_tag-halbstamm","10":"product_tag-hochstamm","11":"pa_altezza-massima-200-de","12":"pa_altezza-massima-300-de","13":"pa_colore-fioritura-gelbe","14":"pa_condizionamento-clt-de","15":"pa_famiglia-salicaceae-de","16":"pa_genere-salix-de","17":"pa_origine-ostasien","18":"pa_periodo-fioritura-februar","19":"pa_periodo-fioritura-maerz","20":"pa_portamento-piangente-de","21":"pa_resistenza-climatica-sehr-hoch","22":"pa_resistenza-del-suolo-bestandig-gegen-kalkhaltige-boden","23":"pa_resistenza-del-suolo-bestandig-gegen-trockene-boden","24":"pa_resistenza-del-suolo-bestandigkeit-auf-feuchten-boden","25":"pa_salinita-bestaendigkeit-in-meeresluft","26":"pa_utilizzo-kleine-gaerten","28":"first","29":"instock","30":"purchasable","31":"product-type-simple"},"acf":[],"_links":{"self":[{"href":"https:\/\/innocentiemangonipiante.it\/de\/wp-json\/wp\/v2\/product\/15560","targetHints":{"allow":["GET"]}}],"collection":[{"href":"https:\/\/innocentiemangonipiante.it\/de\/wp-json\/wp\/v2\/product"}],"about":[{"href":"https:\/\/innocentiemangonipiante.it\/de\/wp-json\/wp\/v2\/types\/product"}],"wp:featuredmedia":[{"embeddable":true,"href":"https:\/\/innocentiemangonipiante.it\/de\/wp-json\/wp\/v2\/media\/5434"}],"wp:attachment":[{"href":"https:\/\/innocentiemangonipiante.it\/de\/wp-json\/wp\/v2\/media?parent=15560"}],"wp:term":[{"taxonomy":"product_brand","embeddable":true,"href":"https:\/\/innocentiemangonipiante.it\/de\/wp-json\/wp\/v2\/product_brand?post=15560"},{"taxonomy":"product_cat","embeddable":true,"href":"https:\/\/innocentiemangonipiante.it\/de\/wp-json\/wp\/v2\/product_cat?post=15560"},{"taxonomy":"product_tag","embeddable":true,"href":"https:\/\/innocentiemangonipiante.it\/de\/wp-json\/wp\/v2\/product_tag?post=15560"}],"curies":[{"name":"wp","href":"https:\/\/api.w.org\/{rel}","templated":true}]}}