{"id":15562,"date":"2023-11-04T03:00:19","date_gmt":"2023-11-04T02:00:19","guid":{"rendered":"http:\/\/innocentiemangonipiante.it\/salix-babylonica\/"},"modified":"2023-11-08T13:07:05","modified_gmt":"2023-11-08T12:07:05","slug":"salix-babylonica","status":"publish","type":"product","link":"https:\/\/innocentiemangonipiante.it\/de\/salix-babylonica\/","title":{"rendered":"SALIX babylonica"},"content":{"rendered":"<p>Rundlicher Baum mit nach unten h\u00e4ngendem Astwerk. Zarte, herabh\u00e4ngende braungr\u00fcne Triebe und lanzettartige, gez\u00e4hnte und spitz zulaufende, gr\u00fcne Bl\u00e4tter, die bis 10 cm lang sind. Graue Blattunterseite.<\/p>\n","protected":false},"excerpt":{"rendered":"<p>Rundlicher Baum mit nach unten h\u00e4ngendem Astwerk. Zarte, herabh\u00e4ngende braungr\u00fcne Triebe und lanzettartige, gez\u00e4hnte und spitz zulaufende, gr\u00fcne Bl\u00e4tter, die bis 10 cm lang sind. Graue Blattunterseite.<\/p>\n","protected":false},"featured_media":5427,"template":"","meta":{"_acf_changed":false},"product_brand":[],"product_cat":[8813],"product_tag":[10898],"class_list":{"0":"post-15562","1":"product","2":"type-product","3":"status-publish","4":"has-post-thumbnail","6":"product_cat-laubbaume-und-straucher","7":"product_tag-naturlichen","8":"pa_altezza-massima-800-de","9":"pa_altezza-massima-12-meter","10":"pa_colore-fioritura-gelbe","11":"pa_famiglia-salicaceae-de","12":"pa_genere-salix-de","13":"pa_origine-ostasien","14":"pa_periodo-fioritura-april-de","15":"pa_periodo-fioritura-maerz","16":"pa_portamento-piangente-de","17":"pa_resistenza-climatica-mittel-hoch","18":"pa_resistenza-del-suolo-bestandigkeit-auf-feuchten-boden","19":"pa_utilizzo-parks-de","21":"first","22":"instock","23":"purchasable","24":"product-type-simple"},"acf":[],"_links":{"self":[{"href":"https:\/\/innocentiemangonipiante.it\/de\/wp-json\/wp\/v2\/product\/15562","targetHints":{"allow":["GET"]}}],"collection":[{"href":"https:\/\/innocentiemangonipiante.it\/de\/wp-json\/wp\/v2\/product"}],"about":[{"href":"https:\/\/innocentiemangonipiante.it\/de\/wp-json\/wp\/v2\/types\/product"}],"wp:featuredmedia":[{"embeddable":true,"href":"https:\/\/innocentiemangonipiante.it\/de\/wp-json\/wp\/v2\/media\/5427"}],"wp:attachment":[{"href":"https:\/\/innocentiemangonipiante.it\/de\/wp-json\/wp\/v2\/media?parent=15562"}],"wp:term":[{"taxonomy":"product_brand","embeddable":true,"href":"https:\/\/innocentiemangonipiante.it\/de\/wp-json\/wp\/v2\/product_brand?post=15562"},{"taxonomy":"product_cat","embeddable":true,"href":"https:\/\/innocentiemangonipiante.it\/de\/wp-json\/wp\/v2\/product_cat?post=15562"},{"taxonomy":"product_tag","embeddable":true,"href":"https:\/\/innocentiemangonipiante.it\/de\/wp-json\/wp\/v2\/product_tag?post=15562"}],"curies":[{"name":"wp","href":"https:\/\/api.w.org\/{rel}","templated":true}]}}