{"id":15563,"date":"2023-11-04T03:00:06","date_gmt":"2023-11-04T02:00:06","guid":{"rendered":"http:\/\/innocentiemangonipiante.it\/salix-alba\/"},"modified":"2023-11-08T13:07:01","modified_gmt":"2023-11-08T12:07:01","slug":"salix-alba","status":"publish","type":"product","link":"https:\/\/innocentiemangonipiante.it\/de\/salix-alba\/","title":{"rendered":"SALIX alba"},"content":{"rendered":"<p>Laubbaum mit dunkelgrauer, faltiger Rinde. Die langen schmalen Bl\u00e4tter sind bis zu 10 cm lang und an der Oberseite mattgr\u00fcn, an der Unterseite blaugr\u00fcn. Die 4-6 cm langen K\u00e4tzchen erscheinen zusammen mit den Bl\u00e4ttern im Fr\u00fchjahr.<\/p>\n","protected":false},"excerpt":{"rendered":"<p>Laubbaum mit dunkelgrauer, faltiger Rinde. Die langen schmalen Bl\u00e4tter sind bis zu 10 cm lang und an der Oberseite mattgr\u00fcn, an der Unterseite blaugr\u00fcn. Die 4-6 cm langen K\u00e4tzchen erscheinen zusammen mit den Bl\u00e4ttern im Fr\u00fchjahr.<\/p>\n","protected":false},"featured_media":5421,"template":"","meta":{"_acf_changed":false},"product_brand":[],"product_cat":[8813],"product_tag":[10898,8401],"class_list":{"0":"post-15563","1":"product","2":"type-product","3":"status-publish","4":"has-post-thumbnail","6":"product_cat-laubbaume-und-straucher","7":"product_tag-naturlichen","8":"product_tag-hochstamm","9":"pa_altezza-massima-20-meter","10":"pa_altezza-massima-25-meter","11":"pa_colore-fioritura-gelbe","12":"pa_condizionamento-clt-de","13":"pa_condizionamento-m-de","14":"pa_famiglia-salicaceae-de","15":"pa_genere-salix-de","16":"pa_origine-europe-de","17":"pa_periodo-fioritura-april-de","18":"pa_periodo-fioritura-maerz","19":"pa_portamento-arrotondato-de","20":"pa_resistenza-climatica-mittel-hoch","21":"pa_resistenza-del-suolo-bestandigkeit-auf-feuchten-boden","22":"pa_utilizzo-parks-de","24":"first","25":"instock","26":"purchasable","27":"product-type-simple"},"acf":[],"_links":{"self":[{"href":"https:\/\/innocentiemangonipiante.it\/de\/wp-json\/wp\/v2\/product\/15563","targetHints":{"allow":["GET"]}}],"collection":[{"href":"https:\/\/innocentiemangonipiante.it\/de\/wp-json\/wp\/v2\/product"}],"about":[{"href":"https:\/\/innocentiemangonipiante.it\/de\/wp-json\/wp\/v2\/types\/product"}],"wp:featuredmedia":[{"embeddable":true,"href":"https:\/\/innocentiemangonipiante.it\/de\/wp-json\/wp\/v2\/media\/5421"}],"wp:attachment":[{"href":"https:\/\/innocentiemangonipiante.it\/de\/wp-json\/wp\/v2\/media?parent=15563"}],"wp:term":[{"taxonomy":"product_brand","embeddable":true,"href":"https:\/\/innocentiemangonipiante.it\/de\/wp-json\/wp\/v2\/product_brand?post=15563"},{"taxonomy":"product_cat","embeddable":true,"href":"https:\/\/innocentiemangonipiante.it\/de\/wp-json\/wp\/v2\/product_cat?post=15563"},{"taxonomy":"product_tag","embeddable":true,"href":"https:\/\/innocentiemangonipiante.it\/de\/wp-json\/wp\/v2\/product_tag?post=15563"}],"curies":[{"name":"wp","href":"https:\/\/api.w.org\/{rel}","templated":true}]}}