{"id":15564,"date":"2023-11-04T03:02:09","date_gmt":"2023-11-04T02:02:09","guid":{"rendered":"http:\/\/innocentiemangonipiante.it\/sambucus-nigra\/"},"modified":"2023-11-08T13:08:19","modified_gmt":"2023-11-08T12:08:19","slug":"sambucus-nigra","status":"publish","type":"product","link":"https:\/\/innocentiemangonipiante.it\/de\/sambucus-nigra\/","title":{"rendered":"SAMBUCUS nigra"},"content":{"rendered":"<p>Strauch oder kleiner Baum mit elliptischen gr\u00fcnen Bl\u00e4ttern. Im April und Mai erscheinen wei\u00dfe und duftende Bl\u00fctenst\u00e4nde, gefolgt von kleinen schw\u00e4rzlichen gl\u00e4nzenden Beeren.<\/p>\n","protected":false},"excerpt":{"rendered":"<p>Strauch oder kleiner Baum mit elliptischen gr\u00fcnen Bl\u00e4ttern. Im April und Mai erscheinen wei\u00dfe und duftende Bl\u00fctenst\u00e4nde, gefolgt von kleinen schw\u00e4rzlichen gl\u00e4nzenden Beeren.<\/p>\n","protected":false},"featured_media":24645,"template":"","meta":{"_acf_changed":false},"product_brand":[],"product_cat":[8813],"product_tag":[10898],"class_list":{"0":"post-15564","1":"product","2":"type-product","3":"status-publish","4":"has-post-thumbnail","6":"product_cat-laubbaume-und-straucher","7":"product_tag-naturlichen","8":"pa_altezza-massima-300-de","9":"pa_altezza-massima-600-de","10":"pa_colore-fioritura-weis","11":"pa_condizionamento-clt-de","12":"pa_famiglia-caprifoliaceae-de","13":"pa_genere-sambucus-de","14":"pa_inquinamento-bestaendigkeit-gegen-smog","15":"pa_origine-europaischen-mittelmeeres","16":"pa_periodo-fioritura-april-de","17":"pa_periodo-fioritura-mai-de","18":"pa_periodo-fruttificazione-september-de","19":"pa_portamento-arrotondato-de","20":"pa_profumo-intensiv","21":"pa_resistenza-climatica-sehr-hoch","22":"pa_resistenza-del-suolo-bestandig-gegen-kalkhaltige-boden","23":"pa_resistenza-del-suolo-bestandigkeit-auf-feuchten-boden","24":"pa_salinita-bestaendigkeit-in-meeresluft","25":"pa_utilizzo-hecken","26":"pa_utilizzo-kleine-gaerten","28":"first","29":"instock","30":"purchasable","31":"product-type-simple"},"acf":[],"_links":{"self":[{"href":"https:\/\/innocentiemangonipiante.it\/de\/wp-json\/wp\/v2\/product\/15564","targetHints":{"allow":["GET"]}}],"collection":[{"href":"https:\/\/innocentiemangonipiante.it\/de\/wp-json\/wp\/v2\/product"}],"about":[{"href":"https:\/\/innocentiemangonipiante.it\/de\/wp-json\/wp\/v2\/types\/product"}],"wp:featuredmedia":[{"embeddable":true,"href":"https:\/\/innocentiemangonipiante.it\/de\/wp-json\/wp\/v2\/media\/24645"}],"wp:attachment":[{"href":"https:\/\/innocentiemangonipiante.it\/de\/wp-json\/wp\/v2\/media?parent=15564"}],"wp:term":[{"taxonomy":"product_brand","embeddable":true,"href":"https:\/\/innocentiemangonipiante.it\/de\/wp-json\/wp\/v2\/product_brand?post=15564"},{"taxonomy":"product_cat","embeddable":true,"href":"https:\/\/innocentiemangonipiante.it\/de\/wp-json\/wp\/v2\/product_cat?post=15564"},{"taxonomy":"product_tag","embeddable":true,"href":"https:\/\/innocentiemangonipiante.it\/de\/wp-json\/wp\/v2\/product_tag?post=15564"}],"curies":[{"name":"wp","href":"https:\/\/api.w.org\/{rel}","templated":true}]}}