{"id":15565,"date":"2023-11-04T03:02:48","date_gmt":"2023-11-04T02:02:48","guid":{"rendered":"http:\/\/innocentiemangonipiante.it\/santolina-chamaecyparissus\/"},"modified":"2023-11-08T13:08:32","modified_gmt":"2023-11-08T12:08:32","slug":"santolina-chamaecyparissus","status":"publish","type":"product","link":"https:\/\/innocentiemangonipiante.it\/de\/santolina-chamaecyparissus\/","title":{"rendered":"SANTOLINA chamaecyparissus"},"content":{"rendered":"<p>Kompakter rundilicher Strauch. Die Bl\u00e4tter sind eng-l\u00e4nglich, weissgraufarbig bis 4 cm lang. Mitte\/Ende Sommer erscheinen gl\u00e4nzendgelbe kleine Bl\u00fctenk\u00f6pfchen.<\/p>\n","protected":false},"excerpt":{"rendered":"<p>Kompakter rundilicher Strauch. Die Bl\u00e4tter sind eng-l\u00e4nglich, weissgraufarbig bis 4 cm lang. Mitte\/Ende Sommer erscheinen gl\u00e4nzendgelbe kleine Bl\u00fctenk\u00f6pfchen.<\/p>\n","protected":false},"featured_media":5489,"template":"","meta":{"_acf_changed":false},"product_brand":[],"product_cat":[8318],"product_tag":[10898],"class_list":{"0":"post-15565","1":"product","2":"type-product","3":"status-publish","4":"has-post-thumbnail","6":"product_cat-keine-kategorie","7":"product_tag-naturlichen","8":"pa_altezza-massima-0_30-meter","9":"pa_altezza-massima-0_50-meter","10":"pa_colore-delle-foglie-grauen","11":"pa_colore-fioritura-gelbe","12":"pa_condizionamento-clt-de","13":"pa_famiglia-asteraceae-de","14":"pa_genere-santolina-de","15":"pa_origine-europaischen-mittelmeeres","16":"pa_periodo-fioritura-august-de","17":"pa_periodo-fioritura-juli","18":"pa_portamento-arrotondato-de","19":"pa_profumo-zart","20":"pa_resistenza-climatica-mittel","21":"pa_resistenza-del-suolo-bestandig-gegen-kalkhaltige-boden","22":"pa_resistenza-del-suolo-bestandig-gegen-trockene-boden","23":"pa_salinita-bestaendigkeit-in-meeresluft","24":"pa_utilizzo-balkone","25":"pa_utilizzo-kleine-gaerten","27":"first","28":"instock","29":"purchasable","30":"product-type-simple"},"acf":[],"_links":{"self":[{"href":"https:\/\/innocentiemangonipiante.it\/de\/wp-json\/wp\/v2\/product\/15565","targetHints":{"allow":["GET"]}}],"collection":[{"href":"https:\/\/innocentiemangonipiante.it\/de\/wp-json\/wp\/v2\/product"}],"about":[{"href":"https:\/\/innocentiemangonipiante.it\/de\/wp-json\/wp\/v2\/types\/product"}],"wp:featuredmedia":[{"embeddable":true,"href":"https:\/\/innocentiemangonipiante.it\/de\/wp-json\/wp\/v2\/media\/5489"}],"wp:attachment":[{"href":"https:\/\/innocentiemangonipiante.it\/de\/wp-json\/wp\/v2\/media?parent=15565"}],"wp:term":[{"taxonomy":"product_brand","embeddable":true,"href":"https:\/\/innocentiemangonipiante.it\/de\/wp-json\/wp\/v2\/product_brand?post=15565"},{"taxonomy":"product_cat","embeddable":true,"href":"https:\/\/innocentiemangonipiante.it\/de\/wp-json\/wp\/v2\/product_cat?post=15565"},{"taxonomy":"product_tag","embeddable":true,"href":"https:\/\/innocentiemangonipiante.it\/de\/wp-json\/wp\/v2\/product_tag?post=15565"}],"curies":[{"name":"wp","href":"https:\/\/api.w.org\/{rel}","templated":true}]}}