{"id":15566,"date":"2023-11-04T03:03:05","date_gmt":"2023-11-04T02:03:05","guid":{"rendered":"http:\/\/innocentiemangonipiante.it\/sarcococca-ruscifolia\/"},"modified":"2023-11-08T13:08:40","modified_gmt":"2023-11-08T12:08:40","slug":"sarcococca-ruscifolia","status":"publish","type":"product","link":"https:\/\/innocentiemangonipiante.it\/de\/sarcococca-ruscifolia\/","title":{"rendered":"SARCOCOCCA ruscifolia"},"content":{"rendered":"<p>Immergr\u00fcner Strauch mit erweitertem Wachstum, mit krummen und h\u00e4ngenden \u00c4sten. Die Bl\u00fcten sind rein wei\u00df, sehr duftend.<\/p>\n","protected":false},"excerpt":{"rendered":"<p>Immergr\u00fcner Strauch mit erweitertem Wachstum, mit krummen und h\u00e4ngenden \u00c4sten. Die Bl\u00fcten sind rein wei\u00df, sehr duftend.<\/p>\n","protected":false},"featured_media":5512,"template":"","meta":{"_acf_changed":false},"product_brand":[],"product_cat":[8816],"product_tag":[10898],"class_list":{"0":"post-15566","1":"product","2":"type-product","3":"status-publish","4":"has-post-thumbnail","6":"product_cat-hartnaeckige-baeume-und-straeucher","7":"product_tag-naturlichen","8":"pa_altezza-massima-0_50-meter","9":"pa_altezza-massima-100-de","10":"pa_colore-fioritura-weis","11":"pa_condizionamento-clt-de","12":"pa_condizionamento-jungplanzen","13":"pa_famiglia-buxaceae-de","14":"pa_genere-sarcococca-de","15":"pa_origine-ostasien","16":"pa_periodo-fioritura-dezember","17":"pa_periodo-fioritura-januar","18":"pa_periodo-fioritura-november-de","19":"pa_periodo-fruttificazione-februar","20":"pa_portamento-arrotondato-de","21":"pa_profumo-intensiv","22":"pa_resistenza-climatica-mittel-hoch","23":"pa_resistenza-del-suolo-bestandig-gegen-trockene-boden","24":"pa_utilizzo-bordueren","25":"pa_utilizzo-hecken","26":"pa_utilizzo-kleine-gaerten","28":"first","29":"instock","30":"purchasable","31":"product-type-simple"},"acf":[],"_links":{"self":[{"href":"https:\/\/innocentiemangonipiante.it\/de\/wp-json\/wp\/v2\/product\/15566","targetHints":{"allow":["GET"]}}],"collection":[{"href":"https:\/\/innocentiemangonipiante.it\/de\/wp-json\/wp\/v2\/product"}],"about":[{"href":"https:\/\/innocentiemangonipiante.it\/de\/wp-json\/wp\/v2\/types\/product"}],"wp:featuredmedia":[{"embeddable":true,"href":"https:\/\/innocentiemangonipiante.it\/de\/wp-json\/wp\/v2\/media\/5512"}],"wp:attachment":[{"href":"https:\/\/innocentiemangonipiante.it\/de\/wp-json\/wp\/v2\/media?parent=15566"}],"wp:term":[{"taxonomy":"product_brand","embeddable":true,"href":"https:\/\/innocentiemangonipiante.it\/de\/wp-json\/wp\/v2\/product_brand?post=15566"},{"taxonomy":"product_cat","embeddable":true,"href":"https:\/\/innocentiemangonipiante.it\/de\/wp-json\/wp\/v2\/product_cat?post=15566"},{"taxonomy":"product_tag","embeddable":true,"href":"https:\/\/innocentiemangonipiante.it\/de\/wp-json\/wp\/v2\/product_tag?post=15566"}],"curies":[{"name":"wp","href":"https:\/\/api.w.org\/{rel}","templated":true}]}}