{"id":15567,"date":"2023-11-04T03:02:53","date_gmt":"2023-11-04T02:02:53","guid":{"rendered":"http:\/\/innocentiemangonipiante.it\/sarcococca-confusa\/"},"modified":"2023-11-08T13:08:35","modified_gmt":"2023-11-08T12:08:35","slug":"sarcococca-confusa","status":"publish","type":"product","link":"https:\/\/innocentiemangonipiante.it\/de\/sarcococca-confusa\/","title":{"rendered":"SARCOCOCCA confusa"},"content":{"rendered":"<p>Kleiner rustikaler immergr\u00fcner Strauch f\u00fcr Hecken geeignet. Bl\u00e4tter lederartig, gl\u00e4nzend in tiefgr\u00fcnen Farbe. Im Winter f\u00fcllt sich Sarcococca mit extrem duftenden wei\u00dfen Bl\u00fcten, die sp\u00e4ter von kleinen schwarzen Fr\u00fcchten gefolgt werden.<\/p>\n","protected":false},"excerpt":{"rendered":"<p>Kleiner rustikaler immergr\u00fcner Strauch f\u00fcr Hecken geeignet. Bl\u00e4tter lederartig, gl\u00e4nzend in tiefgr\u00fcnen Farbe. Im Winter f\u00fcllt sich Sarcococca mit extrem duftenden wei\u00dfen Bl\u00fcten, die sp\u00e4ter von kleinen schwarzen Fr\u00fcchten gefolgt werden.<\/p>\n","protected":false},"featured_media":5495,"template":"","meta":{"_acf_changed":false},"product_brand":[],"product_cat":[8816],"product_tag":[10898],"class_list":{"0":"post-15567","1":"product","2":"type-product","3":"status-publish","4":"has-post-thumbnail","6":"product_cat-hartnaeckige-baeume-und-straeucher","7":"product_tag-naturlichen","8":"pa_altezza-massima-100-de","9":"pa_altezza-massima-150-de","10":"pa_colore-fioritura-weis","11":"pa_condizionamento-clt-de","12":"pa_condizionamento-jungplanzen","13":"pa_famiglia-buxaceae-de","14":"pa_genere-sarcococca-de","15":"pa_origine-ostasien","16":"pa_periodo-fioritura-dezember","17":"pa_periodo-fioritura-januar","18":"pa_periodo-fioritura-november-de","19":"pa_periodo-fruttificazione-februar","20":"pa_portamento-arrotondato-de","21":"pa_profumo-intensiv","22":"pa_resistenza-climatica-mittel-hoch","23":"pa_resistenza-del-suolo-bestandig-gegen-trockene-boden","24":"pa_salinita-bestaendigkeit-in-meeresluft","25":"pa_utilizzo-bordueren","26":"pa_utilizzo-hecken","27":"pa_utilizzo-kleine-gaerten","29":"first","30":"instock","31":"purchasable","32":"product-type-simple"},"acf":[],"_links":{"self":[{"href":"https:\/\/innocentiemangonipiante.it\/de\/wp-json\/wp\/v2\/product\/15567","targetHints":{"allow":["GET"]}}],"collection":[{"href":"https:\/\/innocentiemangonipiante.it\/de\/wp-json\/wp\/v2\/product"}],"about":[{"href":"https:\/\/innocentiemangonipiante.it\/de\/wp-json\/wp\/v2\/types\/product"}],"wp:featuredmedia":[{"embeddable":true,"href":"https:\/\/innocentiemangonipiante.it\/de\/wp-json\/wp\/v2\/media\/5495"}],"wp:attachment":[{"href":"https:\/\/innocentiemangonipiante.it\/de\/wp-json\/wp\/v2\/media?parent=15567"}],"wp:term":[{"taxonomy":"product_brand","embeddable":true,"href":"https:\/\/innocentiemangonipiante.it\/de\/wp-json\/wp\/v2\/product_brand?post=15567"},{"taxonomy":"product_cat","embeddable":true,"href":"https:\/\/innocentiemangonipiante.it\/de\/wp-json\/wp\/v2\/product_cat?post=15567"},{"taxonomy":"product_tag","embeddable":true,"href":"https:\/\/innocentiemangonipiante.it\/de\/wp-json\/wp\/v2\/product_tag?post=15567"}],"curies":[{"name":"wp","href":"https:\/\/api.w.org\/{rel}","templated":true}]}}