{"id":15568,"date":"2023-11-04T03:02:59","date_gmt":"2023-11-04T02:02:59","guid":{"rendered":"http:\/\/innocentiemangonipiante.it\/sarcococca-hookeriana-humilis\/"},"modified":"2023-11-08T13:08:37","modified_gmt":"2023-11-08T12:08:37","slug":"sarcococca-hookeriana-humilis","status":"publish","type":"product","link":"https:\/\/innocentiemangonipiante.it\/de\/sarcococca-hookeriana-humilis\/","title":{"rendered":"SARCOCOCCA hookeriana &#8218;Humilis&#8216;"},"content":{"rendered":"<p>Kleiner rustikaler immergr\u00fcner Strauch f\u00fcr Hecken geeignet. Bl\u00e4tter lederarti.<\/p>\n","protected":false},"excerpt":{"rendered":"<p>Kleiner rustikaler immergr\u00fcner Strauch f\u00fcr Hecken geeignet. Bl\u00e4tter lederarti.<\/p>\n","protected":false},"featured_media":5501,"template":"","meta":{"_acf_changed":false},"product_brand":[],"product_cat":[8816],"product_tag":[10898],"class_list":{"0":"post-15568","1":"product","2":"type-product","3":"status-publish","4":"has-post-thumbnail","6":"product_cat-hartnaeckige-baeume-und-straeucher","7":"product_tag-naturlichen","8":"pa_altezza-massima-300-de","9":"pa_altezza-massima-400-de","10":"pa_colore-fioritura-weis","11":"pa_condizionamento-clt-de","12":"pa_famiglia-buxaceae-de","13":"pa_genere-sarcococca-de","14":"pa_inquinamento-bestaendigkeit-gegen-smog","15":"pa_origine-holland-de","16":"pa_periodo-fioritura-november-de","17":"pa_portamento-arrotondato-de","18":"pa_resistenza-climatica-sehr-hoch","19":"pa_resistenza-del-suolo-bestandig-gegen-kalkhaltige-boden","20":"pa_resistenza-del-suolo-bestandigkeit-auf-feuchten-boden","21":"pa_salinita-bestaendigkeit-in-meeresluft","22":"pa_utilizzo-bordueren","23":"pa_utilizzo-hecken","24":"pa_utilizzo-kleine-gaerten","26":"first","27":"instock","28":"purchasable","29":"product-type-simple"},"acf":[],"_links":{"self":[{"href":"https:\/\/innocentiemangonipiante.it\/de\/wp-json\/wp\/v2\/product\/15568","targetHints":{"allow":["GET"]}}],"collection":[{"href":"https:\/\/innocentiemangonipiante.it\/de\/wp-json\/wp\/v2\/product"}],"about":[{"href":"https:\/\/innocentiemangonipiante.it\/de\/wp-json\/wp\/v2\/types\/product"}],"wp:featuredmedia":[{"embeddable":true,"href":"https:\/\/innocentiemangonipiante.it\/de\/wp-json\/wp\/v2\/media\/5501"}],"wp:attachment":[{"href":"https:\/\/innocentiemangonipiante.it\/de\/wp-json\/wp\/v2\/media?parent=15568"}],"wp:term":[{"taxonomy":"product_brand","embeddable":true,"href":"https:\/\/innocentiemangonipiante.it\/de\/wp-json\/wp\/v2\/product_brand?post=15568"},{"taxonomy":"product_cat","embeddable":true,"href":"https:\/\/innocentiemangonipiante.it\/de\/wp-json\/wp\/v2\/product_cat?post=15568"},{"taxonomy":"product_tag","embeddable":true,"href":"https:\/\/innocentiemangonipiante.it\/de\/wp-json\/wp\/v2\/product_tag?post=15568"}],"curies":[{"name":"wp","href":"https:\/\/api.w.org\/{rel}","templated":true}]}}