{"id":15569,"date":"2023-11-04T03:03:44","date_gmt":"2023-11-04T02:03:44","guid":{"rendered":"http:\/\/innocentiemangonipiante.it\/schinus-molle\/"},"modified":"2023-11-08T13:08:54","modified_gmt":"2023-11-08T12:08:54","slug":"schinus-molle","status":"publish","type":"product","link":"https:\/\/innocentiemangonipiante.it\/de\/schinus-molle\/","title":{"rendered":"SCHINUS molle"},"content":{"rendered":"<p>Sommergr\u00fcner, ausladender Baum mit rundlichen gefiederten Bl\u00e4ttern, die aus 20-40 gr\u00fcnen bis intensiv gr\u00fcnen Bl\u00e4ttchen bestehen, die schmal, lanzettartig, gez\u00e4hnt und gl\u00e4nzend sind. Von Ende Winter bis zum Sommer wachsen kleine wei\u00df-gelbliche, einfache Bl\u00fcten auf Rispen, aus denen rosa beerenf\u00f6rmige Fr\u00fcchte hervorgehen. Das Aroma und die Form der Bl\u00e4tter erinnern an Pfeffer.<\/p>\n","protected":false},"excerpt":{"rendered":"<p>Sommergr\u00fcner, ausladender Baum mit rundlichen gefiederten Bl\u00e4ttern, die aus 20-40 gr\u00fcnen bis intensiv gr\u00fcnen Bl\u00e4ttchen bestehen, die schmal, lanzettartig, gez\u00e4hnt und gl\u00e4nzend sind. Von Ende Winter bis zum Sommer wachsen kleine wei\u00df-gelbliche, einfache Bl\u00fcten auf Rispen, aus denen rosa beerenf\u00f6rmige Fr\u00fcchte hervorgehen. Das Aroma und die Form der Bl\u00e4tter erinnern an Pfeffer.<\/p>\n","protected":false},"featured_media":5518,"template":"","meta":{"_acf_changed":false},"product_brand":[],"product_cat":[8816,9231],"product_tag":[10898,8401],"class_list":{"0":"post-15569","1":"product","2":"type-product","3":"status-publish","4":"has-post-thumbnail","6":"product_cat-hartnaeckige-baeume-und-straeucher","7":"product_cat-baume-und-pflanzen-der-zukunft","8":"product_tag-naturlichen","9":"product_tag-hochstamm","10":"pa_altezza-massima-800-de","11":"pa_altezza-massima-12-meter","12":"pa_colore-fioritura-weis","13":"pa_condizionamento-clt-de","14":"pa_famiglia-anacardiaceae-de","15":"pa_genere-schinus-de","16":"pa_origine-brasilien","17":"pa_periodo-fioritura-april-de","18":"pa_periodo-fioritura-juli","19":"pa_periodo-fioritura-juni","20":"pa_periodo-fioritura-mai-de","21":"pa_periodo-fruttificazione-oktober","22":"pa_portamento-eretto-de","23":"pa_resistenza-climatica-pflanzen-mit-geringem-klimawiderstand","24":"pa_resistenza-del-suolo-bestandig-gegen-trockene-boden","25":"pa_salinita-bestaendigkeit-in-meeresluft","26":"pa_utilizzo-parks-de","28":"first","29":"instock","30":"purchasable","31":"product-type-simple"},"acf":[],"_links":{"self":[{"href":"https:\/\/innocentiemangonipiante.it\/de\/wp-json\/wp\/v2\/product\/15569","targetHints":{"allow":["GET"]}}],"collection":[{"href":"https:\/\/innocentiemangonipiante.it\/de\/wp-json\/wp\/v2\/product"}],"about":[{"href":"https:\/\/innocentiemangonipiante.it\/de\/wp-json\/wp\/v2\/types\/product"}],"wp:featuredmedia":[{"embeddable":true,"href":"https:\/\/innocentiemangonipiante.it\/de\/wp-json\/wp\/v2\/media\/5518"}],"wp:attachment":[{"href":"https:\/\/innocentiemangonipiante.it\/de\/wp-json\/wp\/v2\/media?parent=15569"}],"wp:term":[{"taxonomy":"product_brand","embeddable":true,"href":"https:\/\/innocentiemangonipiante.it\/de\/wp-json\/wp\/v2\/product_brand?post=15569"},{"taxonomy":"product_cat","embeddable":true,"href":"https:\/\/innocentiemangonipiante.it\/de\/wp-json\/wp\/v2\/product_cat?post=15569"},{"taxonomy":"product_tag","embeddable":true,"href":"https:\/\/innocentiemangonipiante.it\/de\/wp-json\/wp\/v2\/product_tag?post=15569"}],"curies":[{"name":"wp","href":"https:\/\/api.w.org\/{rel}","templated":true}]}}