{"id":15570,"date":"2023-11-04T03:03:49","date_gmt":"2023-11-04T02:03:49","guid":{"rendered":"http:\/\/innocentiemangonipiante.it\/sciadopitys-verticillata\/"},"modified":"2023-11-08T13:08:57","modified_gmt":"2023-11-08T12:08:57","slug":"sciadopitys-verticillata","status":"publish","type":"product","link":"https:\/\/innocentiemangonipiante.it\/de\/sciadopitys-verticillata\/","title":{"rendered":"SCIADOPITYS verticillata"},"content":{"rendered":"<p>Breit kegelf\u00f6rmiger Baum mit braun-r\u00f6tlicher Rinde, die sich beim Altern in Streifen absch\u00e4lt. Die Bl\u00e4tter sind auf der Oberseite dunkelgr\u00fcn und olivgr\u00fcn auf der Unterseite sie sind linealisch, schmal, leuchtend und 10-15 cm lang. Dieser gro\u00dfartige und originelle Nadelbaum gedeiht nicht besonders gut in sonniger Lage in warmen Gegenden.<\/p>\n","protected":false},"excerpt":{"rendered":"<p>Breit kegelf\u00f6rmiger Baum mit braun-r\u00f6tlicher Rinde, die sich beim Altern in Streifen absch\u00e4lt. Die Bl\u00e4tter sind auf der Oberseite dunkelgr\u00fcn und olivgr\u00fcn auf der Unterseite sie sind linealisch, schmal, leuchtend und 10-15 cm lang. Dieser gro\u00dfartige und originelle Nadelbaum gedeiht nicht besonders gut in sonniger Lage in warmen Gegenden.<\/p>\n","protected":false},"featured_media":5524,"template":"","meta":{"_acf_changed":false},"product_brand":[],"product_cat":[8825],"product_tag":[10898],"class_list":{"0":"post-15570","1":"product","2":"type-product","3":"status-publish","4":"has-post-thumbnail","6":"product_cat-koniferen","7":"product_tag-naturlichen","8":"pa_altezza-massima-15-meter","9":"pa_altezza-massima-20-meter","10":"pa_condizionamento-clt-de","11":"pa_famiglia-sciadopityaceae-de","12":"pa_genere-sciadopitys-de","13":"pa_origine-ostasien","14":"pa_portamento-piramidale-de","15":"pa_resistenza-climatica-sehr-hoch","16":"pa_resistenza-del-suolo-bestandigkeit-auf-feuchten-boden","17":"pa_utilizzo-parks-de","19":"first","20":"instock","21":"purchasable","22":"product-type-simple"},"acf":[],"_links":{"self":[{"href":"https:\/\/innocentiemangonipiante.it\/de\/wp-json\/wp\/v2\/product\/15570","targetHints":{"allow":["GET"]}}],"collection":[{"href":"https:\/\/innocentiemangonipiante.it\/de\/wp-json\/wp\/v2\/product"}],"about":[{"href":"https:\/\/innocentiemangonipiante.it\/de\/wp-json\/wp\/v2\/types\/product"}],"wp:featuredmedia":[{"embeddable":true,"href":"https:\/\/innocentiemangonipiante.it\/de\/wp-json\/wp\/v2\/media\/5524"}],"wp:attachment":[{"href":"https:\/\/innocentiemangonipiante.it\/de\/wp-json\/wp\/v2\/media?parent=15570"}],"wp:term":[{"taxonomy":"product_brand","embeddable":true,"href":"https:\/\/innocentiemangonipiante.it\/de\/wp-json\/wp\/v2\/product_brand?post=15570"},{"taxonomy":"product_cat","embeddable":true,"href":"https:\/\/innocentiemangonipiante.it\/de\/wp-json\/wp\/v2\/product_cat?post=15570"},{"taxonomy":"product_tag","embeddable":true,"href":"https:\/\/innocentiemangonipiante.it\/de\/wp-json\/wp\/v2\/product_tag?post=15570"}],"curies":[{"name":"wp","href":"https:\/\/api.w.org\/{rel}","templated":true}]}}