{"id":15571,"date":"2023-11-04T03:04:55","date_gmt":"2023-11-04T02:04:55","guid":{"rendered":"http:\/\/innocentiemangonipiante.it\/sequoia-sempervirens\/"},"modified":"2023-11-08T13:09:48","modified_gmt":"2023-11-08T12:09:48","slug":"sequoia-sempervirens","status":"publish","type":"product","link":"https:\/\/innocentiemangonipiante.it\/de\/sequoia-sempervirens\/","title":{"rendered":"SEQUOIA sempervirens"},"content":{"rendered":"<p>Gro\u00dfer breit kegelf\u00f6rmiger Baum (der gr\u00f6\u00dfte der Welt) mit waagerechten \u00c4sten, die nach unten gebogen sind. Die rotbraune Rinde ist dick, weich und bildet im Alter Furchen. Die linealischen, festen und spitzen, bis 2 cm langen Bl\u00e4tter sind dunkelgr\u00fcn.<\/p>\n","protected":false},"excerpt":{"rendered":"<p>Gro\u00dfer breit kegelf\u00f6rmiger Baum (der gr\u00f6\u00dfte der Welt) mit waagerechten \u00c4sten, die nach unten gebogen sind. Die rotbraune Rinde ist dick, weich und bildet im Alter Furchen. Die linealischen, festen und spitzen, bis 2 cm langen Bl\u00e4tter sind dunkelgr\u00fcn.<\/p>\n","protected":false},"featured_media":5530,"template":"","meta":{"_acf_changed":false},"product_brand":[],"product_cat":[8825],"product_tag":[10898],"class_list":{"0":"post-15571","1":"product","2":"type-product","3":"status-publish","4":"has-post-thumbnail","6":"product_cat-koniferen","7":"product_tag-naturlichen","8":"pa_altezza-massima-50-meter","9":"pa_altezza-massima-60-meter","10":"pa_condizionamento-clt-de","11":"pa_condizionamento-m-de","12":"pa_famiglia-taxodiaceae-de","13":"pa_genere-sequoia-de","14":"pa_origine-u-s-a","15":"pa_portamento-piramidale-de","16":"pa_resistenza-climatica-sehr-hoch","17":"pa_utilizzo-parks-de","19":"first","20":"instock","21":"purchasable","22":"product-type-simple"},"acf":[],"_links":{"self":[{"href":"https:\/\/innocentiemangonipiante.it\/de\/wp-json\/wp\/v2\/product\/15571","targetHints":{"allow":["GET"]}}],"collection":[{"href":"https:\/\/innocentiemangonipiante.it\/de\/wp-json\/wp\/v2\/product"}],"about":[{"href":"https:\/\/innocentiemangonipiante.it\/de\/wp-json\/wp\/v2\/types\/product"}],"wp:featuredmedia":[{"embeddable":true,"href":"https:\/\/innocentiemangonipiante.it\/de\/wp-json\/wp\/v2\/media\/5530"}],"wp:attachment":[{"href":"https:\/\/innocentiemangonipiante.it\/de\/wp-json\/wp\/v2\/media?parent=15571"}],"wp:term":[{"taxonomy":"product_brand","embeddable":true,"href":"https:\/\/innocentiemangonipiante.it\/de\/wp-json\/wp\/v2\/product_brand?post=15571"},{"taxonomy":"product_cat","embeddable":true,"href":"https:\/\/innocentiemangonipiante.it\/de\/wp-json\/wp\/v2\/product_cat?post=15571"},{"taxonomy":"product_tag","embeddable":true,"href":"https:\/\/innocentiemangonipiante.it\/de\/wp-json\/wp\/v2\/product_tag?post=15571"}],"curies":[{"name":"wp","href":"https:\/\/api.w.org\/{rel}","templated":true}]}}