{"id":15573,"date":"2023-11-04T03:05:34","date_gmt":"2023-11-04T02:05:34","guid":{"rendered":"http:\/\/innocentiemangonipiante.it\/solanum-rantonnetii\/"},"modified":"2023-11-08T13:10:02","modified_gmt":"2023-11-08T12:10:02","slug":"solanum-rantonnetii","status":"publish","type":"product","link":"https:\/\/innocentiemangonipiante.it\/de\/solanum-rantonnetii\/","title":{"rendered":"SOLANUM rantonnetii"},"content":{"rendered":"<p>Immegr\u00fcner Strauch mit unregelm\u00e4\u00dfigem Wuchs. Die Bl\u00e4tter sind eif\u00f6rmig bis lanzettlich, mittelgr\u00fcnfarbig. Im Sommer und Herbst tr\u00e4gt hellblau-bis lilablaufarbene Bl\u00fcten gefolgt von roten Beeren.<\/p>\n","protected":false},"excerpt":{"rendered":"<p>Immegr\u00fcner Strauch mit unregelm\u00e4\u00dfigem Wuchs. Die Bl\u00e4tter sind eif\u00f6rmig bis lanzettlich, mittelgr\u00fcnfarbig. Im Sommer und Herbst tr\u00e4gt hellblau-bis lilablaufarbene Bl\u00fcten gefolgt von roten Beeren.<\/p>\n","protected":false},"featured_media":24740,"template":"","meta":{"_acf_changed":false},"product_brand":[],"product_cat":[8837],"product_tag":[10898,8736,8705],"class_list":{"0":"post-15573","1":"product","2":"type-product","3":"status-publish","4":"has-post-thumbnail","6":"product_cat-schlingpflanzen","7":"product_tag-naturlichen","8":"product_tag-fusstamm","9":"product_tag-kugel","10":"pa_altezza-massima-150-de","11":"pa_altezza-massima-200-de","12":"pa_arte-topiaria-verfuegbar-formgehoelze","13":"pa_colore-fioritura-hellblau","14":"pa_condizionamento-clt-de","15":"pa_famiglia-solanaceae-de","16":"pa_genere-solanum-de","17":"pa_origine-brasilien","18":"pa_periodo-fioritura-august-de","19":"pa_periodo-fioritura-juli","20":"pa_periodo-fioritura-juni","21":"pa_periodo-fioritura-oktober","22":"pa_periodo-fioritura-september-de","23":"pa_portamento-arrotondato-de","24":"pa_resistenza-climatica-pflanzen-mit-geringem-klimawiderstand","25":"pa_resistenza-del-suolo-bestandig-gegen-kalkhaltige-boden","26":"pa_resistenza-del-suolo-bestandig-gegen-trockene-boden","27":"pa_utilizzo-balkone","28":"pa_utilizzo-kleine-gaerten","30":"first","31":"instock","32":"purchasable","33":"product-type-simple"},"acf":[],"_links":{"self":[{"href":"https:\/\/innocentiemangonipiante.it\/de\/wp-json\/wp\/v2\/product\/15573","targetHints":{"allow":["GET"]}}],"collection":[{"href":"https:\/\/innocentiemangonipiante.it\/de\/wp-json\/wp\/v2\/product"}],"about":[{"href":"https:\/\/innocentiemangonipiante.it\/de\/wp-json\/wp\/v2\/types\/product"}],"wp:featuredmedia":[{"embeddable":true,"href":"https:\/\/innocentiemangonipiante.it\/de\/wp-json\/wp\/v2\/media\/24740"}],"wp:attachment":[{"href":"https:\/\/innocentiemangonipiante.it\/de\/wp-json\/wp\/v2\/media?parent=15573"}],"wp:term":[{"taxonomy":"product_brand","embeddable":true,"href":"https:\/\/innocentiemangonipiante.it\/de\/wp-json\/wp\/v2\/product_brand?post=15573"},{"taxonomy":"product_cat","embeddable":true,"href":"https:\/\/innocentiemangonipiante.it\/de\/wp-json\/wp\/v2\/product_cat?post=15573"},{"taxonomy":"product_tag","embeddable":true,"href":"https:\/\/innocentiemangonipiante.it\/de\/wp-json\/wp\/v2\/product_tag?post=15573"}],"curies":[{"name":"wp","href":"https:\/\/api.w.org\/{rel}","templated":true}]}}