{"id":15575,"date":"2023-11-04T03:06:04","date_gmt":"2023-11-04T02:06:04","guid":{"rendered":"http:\/\/innocentiemangonipiante.it\/sophora-japonica-regent\/"},"modified":"2023-11-08T13:10:18","modified_gmt":"2023-11-08T12:10:18","slug":"sophora-japonica-regent","status":"publish","type":"product","link":"https:\/\/innocentiemangonipiante.it\/de\/sophora-japonica-regent\/","title":{"rendered":"SOPHORA japonica &#8218;Regent&#8216;"},"content":{"rendered":"<p>Sommergr\u00fcner, rundlicher bis ausladender Baum mit schnellem Wachstum. Die graue Rinde bildet im Alter Furchen. Die intensiv gr\u00fcnen Bl\u00e4tter sind gr\u00f6\u00dfer als die der Grundsorte. Bl\u00fcte in pyramidalen wei\u00dfen Trauben (ab Juli-August) und ab dem 8. bis 10. Lebensjahr der Pflanze.<\/p>\n","protected":false},"excerpt":{"rendered":"<p>Sommergr\u00fcner, rundlicher bis ausladender Baum mit schnellem Wachstum. Die graue Rinde bildet im Alter Furchen. Die intensiv gr\u00fcnen Bl\u00e4tter sind gr\u00f6\u00dfer als die der Grundsorte. Bl\u00fcte in pyramidalen wei\u00dfen Trauben (ab Juli-August) und ab dem 8. bis 10. Lebensjahr der Pflanze.<\/p>\n","protected":false},"featured_media":5557,"template":"","meta":{"_acf_changed":false},"product_brand":[],"product_cat":[8813],"product_tag":[10898,8401,8597],"class_list":{"0":"post-15575","1":"product","2":"type-product","3":"status-publish","4":"has-post-thumbnail","6":"product_cat-laubbaume-und-straucher","7":"product_tag-naturlichen","8":"product_tag-hochstamm","9":"product_tag-multistamm","10":"pa_altezza-massima-15-meter","11":"pa_altezza-massima-20-meter","12":"pa_colore-fioritura-weis","13":"pa_condizionamento-clt-de","14":"pa_condizionamento-m-de","15":"pa_famiglia-leguminosae-de","16":"pa_genere-sophora-de","17":"pa_inquinamento-bestaendigkeit-gegen-smog","18":"pa_origine-u-s-a","19":"pa_periodo-fioritura-august-de","20":"pa_periodo-fioritura-juli","21":"pa_portamento-arrotondato-de","22":"pa_profumo-intensiv","23":"pa_resistenza-climatica-sehr-hoch","24":"pa_resistenza-del-suolo-bestandig-gegen-kalkhaltige-boden","25":"pa_resistenza-del-suolo-bestandig-gegen-trockene-boden","26":"pa_utilizzo-alleen","28":"first","29":"instock","30":"purchasable","31":"product-type-simple"},"acf":[],"_links":{"self":[{"href":"https:\/\/innocentiemangonipiante.it\/de\/wp-json\/wp\/v2\/product\/15575","targetHints":{"allow":["GET"]}}],"collection":[{"href":"https:\/\/innocentiemangonipiante.it\/de\/wp-json\/wp\/v2\/product"}],"about":[{"href":"https:\/\/innocentiemangonipiante.it\/de\/wp-json\/wp\/v2\/types\/product"}],"wp:featuredmedia":[{"embeddable":true,"href":"https:\/\/innocentiemangonipiante.it\/de\/wp-json\/wp\/v2\/media\/5557"}],"wp:attachment":[{"href":"https:\/\/innocentiemangonipiante.it\/de\/wp-json\/wp\/v2\/media?parent=15575"}],"wp:term":[{"taxonomy":"product_brand","embeddable":true,"href":"https:\/\/innocentiemangonipiante.it\/de\/wp-json\/wp\/v2\/product_brand?post=15575"},{"taxonomy":"product_cat","embeddable":true,"href":"https:\/\/innocentiemangonipiante.it\/de\/wp-json\/wp\/v2\/product_cat?post=15575"},{"taxonomy":"product_tag","embeddable":true,"href":"https:\/\/innocentiemangonipiante.it\/de\/wp-json\/wp\/v2\/product_tag?post=15575"}],"curies":[{"name":"wp","href":"https:\/\/api.w.org\/{rel}","templated":true}]}}