{"id":15576,"date":"2023-11-04T03:05:48","date_gmt":"2023-11-04T02:05:48","guid":{"rendered":"http:\/\/innocentiemangonipiante.it\/sophora-japonica-pendula\/"},"modified":"2023-11-08T13:10:08","modified_gmt":"2023-11-08T12:10:08","slug":"sophora-japonica-pendula","status":"publish","type":"product","link":"https:\/\/innocentiemangonipiante.it\/de\/sophora-japonica-pendula\/","title":{"rendered":"SOPHORA japonica &#8218;Pendula&#8216;"},"content":{"rendered":"<p>Die Sorte wird normalerweise als veredelter Baum oder kleiner Baum vorgestellt und ist durch die nach unten h\u00e4ngenden langen Zweige sehr dekorativ, die von den Pfropfstellen meist bis auf den Boden reichen. Die dunkelgr\u00fcnen Bl\u00e4tter \u00e4hneln denen des Grundtyps. Sommerliche Bl\u00fcte in wei\u00df-gelben Rispen, die ebenfalls nach unten h\u00e4ngen.<\/p>\n","protected":false},"excerpt":{"rendered":"<p>Die Sorte wird normalerweise als veredelter Baum oder kleiner Baum vorgestellt und ist durch die nach unten h\u00e4ngenden langen Zweige sehr dekorativ, die von den Pfropfstellen meist bis auf den Boden reichen. Die dunkelgr\u00fcnen Bl\u00e4tter \u00e4hneln denen des Grundtyps. Sommerliche Bl\u00fcte in wei\u00df-gelben Rispen, die ebenfalls nach unten h\u00e4ngen.<\/p>\n","protected":false},"featured_media":5551,"template":"","meta":{"_acf_changed":false},"product_brand":[],"product_cat":[8813],"product_tag":[10898,8565,8401],"class_list":{"0":"post-15576","1":"product","2":"type-product","3":"status-publish","4":"has-post-thumbnail","6":"product_cat-laubbaume-und-straucher","7":"product_tag-naturlichen","8":"product_tag-halbstamm","9":"product_tag-hochstamm","10":"pa_altezza-massima-500-de","11":"pa_altezza-massima-800-de","12":"pa_arte-topiaria-verfuegbar-formgehoelze","13":"pa_colore-fioritura-weis","14":"pa_condizionamento-clt-de","15":"pa_condizionamento-m-de","16":"pa_famiglia-leguminosae-de","17":"pa_genere-sophora-de","18":"pa_inquinamento-bestaendigkeit-gegen-smog","19":"pa_origine-ostasien","20":"pa_periodo-fioritura-august-de","21":"pa_periodo-fioritura-juli","22":"pa_portamento-piangente-de","23":"pa_profumo-intensiv","24":"pa_resistenza-climatica-sehr-hoch","25":"pa_resistenza-del-suolo-bestandig-gegen-kalkhaltige-boden","26":"pa_resistenza-del-suolo-bestandig-gegen-trockene-boden","27":"pa_resistenza-del-suolo-resistent-gegen-arme-boeden","28":"pa_salinita-bestaendigkeit-in-meeresluft","29":"pa_utilizzo-kleine-gaerten","30":"pa_utilizzo-parks-de","32":"first","33":"instock","34":"purchasable","35":"product-type-simple"},"acf":[],"_links":{"self":[{"href":"https:\/\/innocentiemangonipiante.it\/de\/wp-json\/wp\/v2\/product\/15576","targetHints":{"allow":["GET"]}}],"collection":[{"href":"https:\/\/innocentiemangonipiante.it\/de\/wp-json\/wp\/v2\/product"}],"about":[{"href":"https:\/\/innocentiemangonipiante.it\/de\/wp-json\/wp\/v2\/types\/product"}],"wp:featuredmedia":[{"embeddable":true,"href":"https:\/\/innocentiemangonipiante.it\/de\/wp-json\/wp\/v2\/media\/5551"}],"wp:attachment":[{"href":"https:\/\/innocentiemangonipiante.it\/de\/wp-json\/wp\/v2\/media?parent=15576"}],"wp:term":[{"taxonomy":"product_brand","embeddable":true,"href":"https:\/\/innocentiemangonipiante.it\/de\/wp-json\/wp\/v2\/product_brand?post=15576"},{"taxonomy":"product_cat","embeddable":true,"href":"https:\/\/innocentiemangonipiante.it\/de\/wp-json\/wp\/v2\/product_cat?post=15576"},{"taxonomy":"product_tag","embeddable":true,"href":"https:\/\/innocentiemangonipiante.it\/de\/wp-json\/wp\/v2\/product_tag?post=15576"}],"curies":[{"name":"wp","href":"https:\/\/api.w.org\/{rel}","templated":true}]}}