{"id":15577,"date":"2023-11-04T03:05:40","date_gmt":"2023-11-04T02:05:40","guid":{"rendered":"http:\/\/innocentiemangonipiante.it\/sophora-japonica\/"},"modified":"2023-11-08T13:10:05","modified_gmt":"2023-11-08T12:10:05","slug":"sophora-japonica","status":"publish","type":"product","link":"https:\/\/innocentiemangonipiante.it\/de\/sophora-japonica\/","title":{"rendered":"SOPHORA japonica"},"content":{"rendered":"<p>Sommergr\u00fcner ausladender Baum mit gefiederten, 25 cm langen Bl\u00e4ttern, die aus 15-20 eif\u00f6rmigen bis lanzettartigen, leuchtenden, dunkelgr\u00fcnen Bl\u00e4ttchen bestehen, die im Herbst gelb werden. Ende Sommer zieren ihn bis 30 cm lange Rispen mit kleinen wei\u00dfen Schmetterlingsbl\u00fctlern.<\/p>\n","protected":false},"excerpt":{"rendered":"<p>Sommergr\u00fcner ausladender Baum mit gefiederten, 25 cm langen Bl\u00e4ttern, die aus 15-20 eif\u00f6rmigen bis lanzettartigen, leuchtenden, dunkelgr\u00fcnen Bl\u00e4ttchen bestehen, die im Herbst gelb werden. Ende Sommer zieren ihn bis 30 cm lange Rispen mit kleinen wei\u00dfen Schmetterlingsbl\u00fctlern.<\/p>\n","protected":false},"featured_media":5545,"template":"","meta":{"_acf_changed":false},"product_brand":[],"product_cat":[8813,9231],"product_tag":[10898,8401,8597],"class_list":{"0":"post-15577","1":"product","2":"type-product","3":"status-publish","4":"has-post-thumbnail","6":"product_cat-laubbaume-und-straucher","7":"product_cat-baume-und-pflanzen-der-zukunft","8":"product_tag-naturlichen","9":"product_tag-hochstamm","10":"product_tag-multistamm","11":"pa_altezza-massima-15-meter","12":"pa_altezza-massima-20-meter","13":"pa_colore-fioritura-weis","14":"pa_condizionamento-clt-de","15":"pa_condizionamento-m-de","16":"pa_famiglia-leguminosae-de","17":"pa_genere-sophora-de","18":"pa_inquinamento-bestaendigkeit-gegen-smog","19":"pa_origine-ostasien","20":"pa_periodo-fioritura-september-de","21":"pa_portamento-eretto-de","22":"pa_resistenza-climatica-sehr-hoch","23":"pa_resistenza-del-suolo-bestandig-gegen-kalkhaltige-boden","24":"pa_resistenza-del-suolo-bestandig-gegen-trockene-boden","25":"pa_resistenza-del-suolo-resistent-gegen-arme-boeden","26":"pa_salinita-bestaendigkeit-in-meeresluft","27":"pa_utilizzo-alleen","29":"first","30":"instock","31":"purchasable","32":"product-type-simple"},"acf":[],"_links":{"self":[{"href":"https:\/\/innocentiemangonipiante.it\/de\/wp-json\/wp\/v2\/product\/15577","targetHints":{"allow":["GET"]}}],"collection":[{"href":"https:\/\/innocentiemangonipiante.it\/de\/wp-json\/wp\/v2\/product"}],"about":[{"href":"https:\/\/innocentiemangonipiante.it\/de\/wp-json\/wp\/v2\/types\/product"}],"wp:featuredmedia":[{"embeddable":true,"href":"https:\/\/innocentiemangonipiante.it\/de\/wp-json\/wp\/v2\/media\/5545"}],"wp:attachment":[{"href":"https:\/\/innocentiemangonipiante.it\/de\/wp-json\/wp\/v2\/media?parent=15577"}],"wp:term":[{"taxonomy":"product_brand","embeddable":true,"href":"https:\/\/innocentiemangonipiante.it\/de\/wp-json\/wp\/v2\/product_brand?post=15577"},{"taxonomy":"product_cat","embeddable":true,"href":"https:\/\/innocentiemangonipiante.it\/de\/wp-json\/wp\/v2\/product_cat?post=15577"},{"taxonomy":"product_tag","embeddable":true,"href":"https:\/\/innocentiemangonipiante.it\/de\/wp-json\/wp\/v2\/product_tag?post=15577"}],"curies":[{"name":"wp","href":"https:\/\/api.w.org\/{rel}","templated":true}]}}