{"id":15579,"date":"2023-11-04T03:06:09","date_gmt":"2023-11-04T02:06:09","guid":{"rendered":"http:\/\/innocentiemangonipiante.it\/sorbus-aucuparia\/"},"modified":"2023-11-08T13:10:20","modified_gmt":"2023-11-08T12:10:20","slug":"sorbus-aucuparia","status":"publish","type":"product","link":"https:\/\/innocentiemangonipiante.it\/de\/sorbus-aucuparia\/","title":{"rendered":"SORBUS aucuparia"},"content":{"rendered":"<p>Kegelf\u00f6rmiger bis rundlicher Baum mit gr\u00fcnen Bl\u00e4ttern, die sich im Herbst rot-gelb f\u00e4rben. Im Mai-Juni sprie\u00dfen flache wei\u00dfe Bl\u00fcten, aus denen runde orange-rote Fr\u00fcchte hervorgehen, die Ende August reifen.<\/p>\n","protected":false},"excerpt":{"rendered":"<p>Kegelf\u00f6rmiger bis rundlicher Baum mit gr\u00fcnen Bl\u00e4ttern, die sich im Herbst rot-gelb f\u00e4rben. Im Mai-Juni sprie\u00dfen flache wei\u00dfe Bl\u00fcten, aus denen runde orange-rote Fr\u00fcchte hervorgehen, die Ende August reifen.<\/p>\n","protected":false},"featured_media":5563,"template":"","meta":{"_acf_changed":false},"product_brand":[],"product_cat":[8813],"product_tag":[10898,8401,8597],"class_list":{"0":"post-15579","1":"product","2":"type-product","3":"status-publish","4":"has-post-thumbnail","6":"product_cat-laubbaume-und-straucher","7":"product_tag-naturlichen","8":"product_tag-hochstamm","9":"product_tag-multistamm","10":"pa_altezza-massima-800-de","11":"pa_altezza-massima-1000-de-2","12":"pa_colore-fioritura-weis","13":"pa_condizionamento-clt-de","14":"pa_condizionamento-m-de","15":"pa_famiglia-rosaceae-de","16":"pa_genere-sorbus-de","17":"pa_inquinamento-bestaendigkeit-gegen-smog","18":"pa_origine-europe-de","19":"pa_periodo-fioritura-juni","20":"pa_periodo-fioritura-mai-de","21":"pa_periodo-fruttificazione-august-de","22":"pa_portamento-arrotondato-de","23":"pa_profumo-zart","24":"pa_resistenza-climatica-sehr-hoch","25":"pa_resistenza-del-suolo-bestandig-gegen-kalkhaltige-boden","26":"pa_resistenza-del-suolo-bestandig-gegen-trockene-boden","27":"pa_resistenza-del-suolo-bestandigkeit-auf-feuchten-boden","28":"pa_salinita-bestaendigkeit-in-meeresluft","29":"pa_utilizzo-alleen","30":"pa_utilizzo-kleine-gaerten","32":"first","33":"instock","34":"purchasable","35":"product-type-simple"},"acf":[],"_links":{"self":[{"href":"https:\/\/innocentiemangonipiante.it\/de\/wp-json\/wp\/v2\/product\/15579","targetHints":{"allow":["GET"]}}],"collection":[{"href":"https:\/\/innocentiemangonipiante.it\/de\/wp-json\/wp\/v2\/product"}],"about":[{"href":"https:\/\/innocentiemangonipiante.it\/de\/wp-json\/wp\/v2\/types\/product"}],"wp:featuredmedia":[{"embeddable":true,"href":"https:\/\/innocentiemangonipiante.it\/de\/wp-json\/wp\/v2\/media\/5563"}],"wp:attachment":[{"href":"https:\/\/innocentiemangonipiante.it\/de\/wp-json\/wp\/v2\/media?parent=15579"}],"wp:term":[{"taxonomy":"product_brand","embeddable":true,"href":"https:\/\/innocentiemangonipiante.it\/de\/wp-json\/wp\/v2\/product_brand?post=15579"},{"taxonomy":"product_cat","embeddable":true,"href":"https:\/\/innocentiemangonipiante.it\/de\/wp-json\/wp\/v2\/product_cat?post=15579"},{"taxonomy":"product_tag","embeddable":true,"href":"https:\/\/innocentiemangonipiante.it\/de\/wp-json\/wp\/v2\/product_tag?post=15579"}],"curies":[{"name":"wp","href":"https:\/\/api.w.org\/{rel}","templated":true}]}}