{"id":15581,"date":"2023-11-04T03:07:34","date_gmt":"2023-11-04T02:07:34","guid":{"rendered":"http:\/\/innocentiemangonipiante.it\/spiraea-x-vanhouttei\/"},"modified":"2023-11-08T13:11:15","modified_gmt":"2023-11-08T12:11:15","slug":"spiraea-x-vanhouttei","status":"publish","type":"product","link":"https:\/\/innocentiemangonipiante.it\/de\/spiraea-x-vanhouttei\/","title":{"rendered":"SPIRAEA x vanhouttei"},"content":{"rendered":"<p>Sommergr\u00fcner, buschartiger, kompakter Strauch mit schlanken und rundlichen Trieben. Die rauten- bis eif\u00f6rmigen, 4-5 cm langen Bl\u00e4tter sind gekerbt und leicht gez\u00e4hnt, dunkelgr\u00fcn auf der Ober- und gr\u00fcnblau auf der Unterseite. Anfang Sommer bl\u00fchen wei\u00dfe Bl\u00fcten in dichten Dolden mit einem Durchmesser bis 5 cm.<\/p>\n","protected":false},"excerpt":{"rendered":"<p>Sommergr\u00fcner, buschartiger, kompakter Strauch mit schlanken und rundlichen Trieben. Die rauten- bis eif\u00f6rmigen, 4-5 cm langen Bl\u00e4tter sind gekerbt und leicht gez\u00e4hnt, dunkelgr\u00fcn auf der Ober- und gr\u00fcnblau auf der Unterseite. Anfang Sommer bl\u00fchen wei\u00dfe Bl\u00fcten in dichten Dolden mit einem Durchmesser bis 5 cm.<\/p>\n","protected":false},"featured_media":24782,"template":"","meta":{"_acf_changed":false},"product_brand":[],"product_cat":[8813],"product_tag":[10898],"class_list":{"0":"post-15581","1":"product","2":"type-product","3":"status-publish","4":"has-post-thumbnail","6":"product_cat-laubbaume-und-straucher","7":"product_tag-naturlichen","8":"pa_altezza-massima-150-de","9":"pa_altezza-massima-200-de","10":"pa_colore-fioritura-weis","11":"pa_condizionamento-clt-de","12":"pa_famiglia-rosaceae-de","13":"pa_genere-spiraea-de","14":"pa_inquinamento-bestaendigkeit-gegen-smog","15":"pa_origine-frankreich","16":"pa_periodo-fioritura-juni","17":"pa_periodo-fioritura-mai-de","18":"pa_portamento-arrotondato-de","19":"pa_resistenza-climatica-sehr-hoch","20":"pa_resistenza-del-suolo-bestandig-gegen-kalkhaltige-boden","21":"pa_resistenza-del-suolo-bestandig-gegen-trockene-boden","22":"pa_salinita-bestaendigkeit-in-meeresluft","23":"pa_utilizzo-kleine-gaerten","24":"pa_utilizzo-parks-de","26":"first","27":"instock","28":"purchasable","29":"product-type-simple"},"acf":[],"_links":{"self":[{"href":"https:\/\/innocentiemangonipiante.it\/de\/wp-json\/wp\/v2\/product\/15581","targetHints":{"allow":["GET"]}}],"collection":[{"href":"https:\/\/innocentiemangonipiante.it\/de\/wp-json\/wp\/v2\/product"}],"about":[{"href":"https:\/\/innocentiemangonipiante.it\/de\/wp-json\/wp\/v2\/types\/product"}],"wp:featuredmedia":[{"embeddable":true,"href":"https:\/\/innocentiemangonipiante.it\/de\/wp-json\/wp\/v2\/media\/24782"}],"wp:attachment":[{"href":"https:\/\/innocentiemangonipiante.it\/de\/wp-json\/wp\/v2\/media?parent=15581"}],"wp:term":[{"taxonomy":"product_brand","embeddable":true,"href":"https:\/\/innocentiemangonipiante.it\/de\/wp-json\/wp\/v2\/product_brand?post=15581"},{"taxonomy":"product_cat","embeddable":true,"href":"https:\/\/innocentiemangonipiante.it\/de\/wp-json\/wp\/v2\/product_cat?post=15581"},{"taxonomy":"product_tag","embeddable":true,"href":"https:\/\/innocentiemangonipiante.it\/de\/wp-json\/wp\/v2\/product_tag?post=15581"}],"curies":[{"name":"wp","href":"https:\/\/api.w.org\/{rel}","templated":true}]}}