{"id":15582,"date":"2023-11-04T03:07:10","date_gmt":"2023-11-04T02:07:10","guid":{"rendered":"http:\/\/innocentiemangonipiante.it\/spiraea-nipponica-snowmound\/"},"modified":"2023-11-08T13:11:05","modified_gmt":"2023-11-08T12:11:05","slug":"spiraea-nipponica-snowmound","status":"publish","type":"product","link":"https:\/\/innocentiemangonipiante.it\/de\/spiraea-nipponica-snowmound\/","title":{"rendered":"SPIRAEA nipponica &#8218;Snowmound&#8216;"},"content":{"rendered":"<p>Strauch mit kompaktem Wuchs und runder Form. Produziert gro\u00dfe Mengen von wei\u00dfen Bl\u00fcten im April und Mai.<\/p>\n","protected":false},"excerpt":{"rendered":"<p>Strauch mit kompaktem Wuchs und runder Form. Produziert gro\u00dfe Mengen von wei\u00dfen Bl\u00fcten im April und Mai.<\/p>\n","protected":false},"featured_media":5599,"template":"","meta":{"_acf_changed":false},"product_brand":[],"product_cat":[8813],"product_tag":[10898],"class_list":{"0":"post-15582","1":"product","2":"type-product","3":"status-publish","4":"has-post-thumbnail","6":"product_cat-laubbaume-und-straucher","7":"product_tag-naturlichen","8":"pa_altezza-massima-150-de","9":"pa_altezza-massima-200-de","10":"pa_colore-fioritura-weis","11":"pa_condizionamento-clt-de","12":"pa_famiglia-rosaceae-de","13":"pa_genere-spiraea-de","14":"pa_origine-japan-de","15":"pa_periodo-fioritura-april-de","16":"pa_periodo-fioritura-mai-de","17":"pa_portamento-arrotondato-de","18":"pa_resistenza-climatica-sehr-hoch","19":"pa_resistenza-del-suolo-bestandig-gegen-kalkhaltige-boden","20":"pa_resistenza-del-suolo-bestandigkeit-auf-feuchten-boden","21":"pa_salinita-bestaendigkeit-in-meeresluft","22":"pa_utilizzo-kleine-gaerten","23":"pa_utilizzo-parks-de","25":"first","26":"instock","27":"purchasable","28":"product-type-simple"},"acf":[],"_links":{"self":[{"href":"https:\/\/innocentiemangonipiante.it\/de\/wp-json\/wp\/v2\/product\/15582","targetHints":{"allow":["GET"]}}],"collection":[{"href":"https:\/\/innocentiemangonipiante.it\/de\/wp-json\/wp\/v2\/product"}],"about":[{"href":"https:\/\/innocentiemangonipiante.it\/de\/wp-json\/wp\/v2\/types\/product"}],"wp:featuredmedia":[{"embeddable":true,"href":"https:\/\/innocentiemangonipiante.it\/de\/wp-json\/wp\/v2\/media\/5599"}],"wp:attachment":[{"href":"https:\/\/innocentiemangonipiante.it\/de\/wp-json\/wp\/v2\/media?parent=15582"}],"wp:term":[{"taxonomy":"product_brand","embeddable":true,"href":"https:\/\/innocentiemangonipiante.it\/de\/wp-json\/wp\/v2\/product_brand?post=15582"},{"taxonomy":"product_cat","embeddable":true,"href":"https:\/\/innocentiemangonipiante.it\/de\/wp-json\/wp\/v2\/product_cat?post=15582"},{"taxonomy":"product_tag","embeddable":true,"href":"https:\/\/innocentiemangonipiante.it\/de\/wp-json\/wp\/v2\/product_tag?post=15582"}],"curies":[{"name":"wp","href":"https:\/\/api.w.org\/{rel}","templated":true}]}}