{"id":15583,"date":"2023-11-04T03:07:04","date_gmt":"2023-11-04T02:07:04","guid":{"rendered":"http:\/\/innocentiemangonipiante.it\/spiraea-japonica-little-princess\/"},"modified":"2023-11-08T13:11:03","modified_gmt":"2023-11-08T12:11:03","slug":"spiraea-japonica-little-princess","status":"publish","type":"product","link":"https:\/\/innocentiemangonipiante.it\/de\/spiraea-japonica-little-princess\/","title":{"rendered":"SPIRAEA japonica &#8218;Little Princess&#8216;"},"content":{"rendered":"<p>Kompakter Strauch mit einer runder Form. Die hellrosa Bl\u00fcten sind einen sch\u00f6nen Kontrast zu den gr\u00fcnen Bl\u00e4ttern. Geeignet f\u00fcr R\u00e4nder.<\/p>\n","protected":false},"excerpt":{"rendered":"<p>Kompakter Strauch mit einer runder Form. Die hellrosa Bl\u00fcten sind einen sch\u00f6nen Kontrast zu den gr\u00fcnen Bl\u00e4ttern. Geeignet f\u00fcr R\u00e4nder.<\/p>\n","protected":false},"featured_media":5588,"template":"","meta":{"_acf_changed":false},"product_brand":[],"product_cat":[8813],"product_tag":[10898],"class_list":{"0":"post-15583","1":"product","2":"type-product","3":"status-publish","4":"has-post-thumbnail","6":"product_cat-laubbaume-und-straucher","7":"product_tag-naturlichen","8":"pa_altezza-massima-0_50-meter","9":"pa_altezza-massima-100-de","10":"pa_colore-fioritura-rose-de","11":"pa_condizionamento-clt-de","12":"pa_famiglia-rosaceae-de","13":"pa_genere-spiraea-de","14":"pa_origine-japan-de","15":"pa_periodo-fioritura-juni","16":"pa_periodo-fioritura-mai-de","17":"pa_portamento-arrotondato-de","18":"pa_resistenza-climatica-sehr-hoch","19":"pa_utilizzo-bordueren","20":"pa_utilizzo-kleine-gaerten","22":"first","23":"instock","24":"purchasable","25":"product-type-simple"},"acf":[],"_links":{"self":[{"href":"https:\/\/innocentiemangonipiante.it\/de\/wp-json\/wp\/v2\/product\/15583","targetHints":{"allow":["GET"]}}],"collection":[{"href":"https:\/\/innocentiemangonipiante.it\/de\/wp-json\/wp\/v2\/product"}],"about":[{"href":"https:\/\/innocentiemangonipiante.it\/de\/wp-json\/wp\/v2\/types\/product"}],"wp:featuredmedia":[{"embeddable":true,"href":"https:\/\/innocentiemangonipiante.it\/de\/wp-json\/wp\/v2\/media\/5588"}],"wp:attachment":[{"href":"https:\/\/innocentiemangonipiante.it\/de\/wp-json\/wp\/v2\/media?parent=15583"}],"wp:term":[{"taxonomy":"product_brand","embeddable":true,"href":"https:\/\/innocentiemangonipiante.it\/de\/wp-json\/wp\/v2\/product_brand?post=15583"},{"taxonomy":"product_cat","embeddable":true,"href":"https:\/\/innocentiemangonipiante.it\/de\/wp-json\/wp\/v2\/product_cat?post=15583"},{"taxonomy":"product_tag","embeddable":true,"href":"https:\/\/innocentiemangonipiante.it\/de\/wp-json\/wp\/v2\/product_tag?post=15583"}],"curies":[{"name":"wp","href":"https:\/\/api.w.org\/{rel}","templated":true}]}}