{"id":15584,"date":"2023-11-04T03:06:58","date_gmt":"2023-11-04T02:06:58","guid":{"rendered":"http:\/\/innocentiemangonipiante.it\/spiraea-japonica-goldflame\/"},"modified":"2023-11-08T13:11:01","modified_gmt":"2023-11-08T12:11:01","slug":"spiraea-japonica-goldflame","status":"publish","type":"product","link":"https:\/\/innocentiemangonipiante.it\/de\/spiraea-japonica-goldflame\/","title":{"rendered":"SPIRAEA japonica &#8218;Goldflame&#8216;"},"content":{"rendered":"<p>Niedriger Laubwechsel rundlicher Strauch. Am Anfang sind Bl\u00e4tter gr\u00fcnlich-Bronze , dann f\u00e4rben sich in goldgelb im Sommer. Rosa Bl\u00fcten von Juni bis September. Rustikal, erfordert volle Sonneneinstrahlung.<\/p>\n","protected":false},"excerpt":{"rendered":"<p>Niedriger Laubwechsel rundlicher Strauch. Am Anfang sind Bl\u00e4tter gr\u00fcnlich-Bronze , dann f\u00e4rben sich in goldgelb im Sommer. Rosa Bl\u00fcten von Juni bis September. Rustikal, erfordert volle Sonneneinstrahlung.<\/p>\n","protected":false},"featured_media":5582,"template":"","meta":{"_acf_changed":false},"product_brand":[],"product_cat":[8813],"product_tag":[10898],"class_list":{"0":"post-15584","1":"product","2":"type-product","3":"status-publish","4":"has-post-thumbnail","6":"product_cat-laubbaume-und-straucher","7":"product_tag-naturlichen","8":"pa_altezza-massima-0_80-meter","9":"pa_altezza-massima-130-de","10":"pa_colore-fioritura-rose-de","11":"pa_condizionamento-clt-de","12":"pa_famiglia-rosaceae-de","13":"pa_genere-spiraea-de","14":"pa_origine-japan-de","15":"pa_periodo-fioritura-august-de","16":"pa_periodo-fioritura-juli","17":"pa_periodo-fioritura-juni","18":"pa_periodo-fioritura-september-de","19":"pa_portamento-arrotondato-de","20":"pa_resistenza-climatica-sehr-hoch","21":"pa_resistenza-del-suolo-bestandig-gegen-kalkhaltige-boden","22":"pa_resistenza-del-suolo-bestandigkeit-auf-feuchten-boden","23":"pa_salinita-bestaendigkeit-in-meeresluft","24":"pa_utilizzo-kleine-gaerten","26":"first","27":"instock","28":"purchasable","29":"product-type-simple"},"acf":[],"_links":{"self":[{"href":"https:\/\/innocentiemangonipiante.it\/de\/wp-json\/wp\/v2\/product\/15584","targetHints":{"allow":["GET"]}}],"collection":[{"href":"https:\/\/innocentiemangonipiante.it\/de\/wp-json\/wp\/v2\/product"}],"about":[{"href":"https:\/\/innocentiemangonipiante.it\/de\/wp-json\/wp\/v2\/types\/product"}],"wp:featuredmedia":[{"embeddable":true,"href":"https:\/\/innocentiemangonipiante.it\/de\/wp-json\/wp\/v2\/media\/5582"}],"wp:attachment":[{"href":"https:\/\/innocentiemangonipiante.it\/de\/wp-json\/wp\/v2\/media?parent=15584"}],"wp:term":[{"taxonomy":"product_brand","embeddable":true,"href":"https:\/\/innocentiemangonipiante.it\/de\/wp-json\/wp\/v2\/product_brand?post=15584"},{"taxonomy":"product_cat","embeddable":true,"href":"https:\/\/innocentiemangonipiante.it\/de\/wp-json\/wp\/v2\/product_cat?post=15584"},{"taxonomy":"product_tag","embeddable":true,"href":"https:\/\/innocentiemangonipiante.it\/de\/wp-json\/wp\/v2\/product_tag?post=15584"}],"curies":[{"name":"wp","href":"https:\/\/api.w.org\/{rel}","templated":true}]}}