{"id":15585,"date":"2023-11-04T03:06:52","date_gmt":"2023-11-04T02:06:52","guid":{"rendered":"http:\/\/innocentiemangonipiante.it\/spiraea-japonica-anthony-waterer\/"},"modified":"2023-11-08T13:10:58","modified_gmt":"2023-11-08T12:10:58","slug":"spiraea-japonica-anthony-waterer","status":"publish","type":"product","link":"https:\/\/innocentiemangonipiante.it\/de\/spiraea-japonica-anthony-waterer\/","title":{"rendered":"SPIRAEA japonica &#8218;Anthony Waterer&#8216;"},"content":{"rendered":"<p>Sommergr\u00fcner buschartige Strauch mit dunkelgr\u00fcnen, eif\u00f6rmigen bis lanzettartigen, tief gez\u00e4hnten Bl\u00e4ttern, die bis 12 cm lang werden. Sattrote Bl\u00fcte von Juli bis September in 10-15 cm breiten Dolden.<\/p>\n","protected":false},"excerpt":{"rendered":"<p>Sommergr\u00fcner buschartige Strauch mit dunkelgr\u00fcnen, eif\u00f6rmigen bis lanzettartigen, tief gez\u00e4hnten Bl\u00e4ttern, die bis 12 cm lang werden. Sattrote Bl\u00fcte von Juli bis September in 10-15 cm breiten Dolden.<\/p>\n","protected":false},"featured_media":5576,"template":"","meta":{"_acf_changed":false},"product_brand":[],"product_cat":[8813],"product_tag":[10898],"class_list":{"0":"post-15585","1":"product","2":"type-product","3":"status-publish","4":"has-post-thumbnail","6":"product_cat-laubbaume-und-straucher","7":"product_tag-naturlichen","8":"pa_altezza-massima-100-de","9":"pa_altezza-massima-150-de","10":"pa_colore-fioritura-rot","11":"pa_condizionamento-clt-de","12":"pa_famiglia-rosaceae-de","13":"pa_genere-spiraea-de","14":"pa_origine-japan-de","15":"pa_periodo-fioritura-august-de","16":"pa_periodo-fioritura-juli","17":"pa_periodo-fioritura-september-de","18":"pa_portamento-arrotondato-de","19":"pa_resistenza-climatica-sehr-hoch","20":"pa_resistenza-del-suolo-bestandig-gegen-kalkhaltige-boden","21":"pa_resistenza-del-suolo-bestandig-gegen-trockene-boden","22":"pa_salinita-bestaendigkeit-in-meeresluft","23":"pa_utilizzo-kleine-gaerten","24":"pa_utilizzo-parks-de","26":"first","27":"instock","28":"purchasable","29":"product-type-simple"},"acf":[],"_links":{"self":[{"href":"https:\/\/innocentiemangonipiante.it\/de\/wp-json\/wp\/v2\/product\/15585","targetHints":{"allow":["GET"]}}],"collection":[{"href":"https:\/\/innocentiemangonipiante.it\/de\/wp-json\/wp\/v2\/product"}],"about":[{"href":"https:\/\/innocentiemangonipiante.it\/de\/wp-json\/wp\/v2\/types\/product"}],"wp:featuredmedia":[{"embeddable":true,"href":"https:\/\/innocentiemangonipiante.it\/de\/wp-json\/wp\/v2\/media\/5576"}],"wp:attachment":[{"href":"https:\/\/innocentiemangonipiante.it\/de\/wp-json\/wp\/v2\/media?parent=15585"}],"wp:term":[{"taxonomy":"product_brand","embeddable":true,"href":"https:\/\/innocentiemangonipiante.it\/de\/wp-json\/wp\/v2\/product_brand?post=15585"},{"taxonomy":"product_cat","embeddable":true,"href":"https:\/\/innocentiemangonipiante.it\/de\/wp-json\/wp\/v2\/product_cat?post=15585"},{"taxonomy":"product_tag","embeddable":true,"href":"https:\/\/innocentiemangonipiante.it\/de\/wp-json\/wp\/v2\/product_tag?post=15585"}],"curies":[{"name":"wp","href":"https:\/\/api.w.org\/{rel}","templated":true}]}}