{"id":15586,"date":"2023-11-04T03:07:22","date_gmt":"2023-11-04T02:07:22","guid":{"rendered":"http:\/\/innocentiemangonipiante.it\/spiraea-x-arguta\/"},"modified":"2023-11-08T13:11:10","modified_gmt":"2023-11-08T12:11:10","slug":"spiraea-x-arguta","status":"publish","type":"product","link":"https:\/\/innocentiemangonipiante.it\/de\/spiraea-x-arguta\/","title":{"rendered":"SPIRAEA x arguta"},"content":{"rendered":"<p>Strauch mit dichter Vegetation, Kompakt. Es produziert reichlich wei\u00dfen Bl\u00fcten, die von M\u00e4rz bis April bl\u00fchen.<\/p>\n","protected":false},"excerpt":{"rendered":"<p>Strauch mit dichter Vegetation, Kompakt. Es produziert reichlich wei\u00dfen Bl\u00fcten, die von M\u00e4rz bis April bl\u00fchen.<\/p>\n","protected":false},"featured_media":5605,"template":"","meta":{"_acf_changed":false},"product_brand":[],"product_cat":[8813],"product_tag":[10898],"class_list":{"0":"post-15586","1":"product","2":"type-product","3":"status-publish","4":"has-post-thumbnail","6":"product_cat-laubbaume-und-straucher","7":"product_tag-naturlichen","8":"pa_altezza-massima-150-de","9":"pa_altezza-massima-200-de","10":"pa_colore-fioritura-weis","11":"pa_condizionamento-clt-de","12":"pa_famiglia-rosaceae-de","13":"pa_genere-spiraea-de","14":"pa_inquinamento-bestaendigkeit-gegen-smog","15":"pa_origine-deutschland","16":"pa_periodo-fioritura-april-de","17":"pa_periodo-fioritura-maerz","18":"pa_portamento-arrotondato-de","19":"pa_resistenza-climatica-sehr-hoch","20":"pa_utilizzo-kleine-gaerten","21":"pa_utilizzo-parks-de","23":"first","24":"instock","25":"purchasable","26":"product-type-simple"},"acf":[],"_links":{"self":[{"href":"https:\/\/innocentiemangonipiante.it\/de\/wp-json\/wp\/v2\/product\/15586","targetHints":{"allow":["GET"]}}],"collection":[{"href":"https:\/\/innocentiemangonipiante.it\/de\/wp-json\/wp\/v2\/product"}],"about":[{"href":"https:\/\/innocentiemangonipiante.it\/de\/wp-json\/wp\/v2\/types\/product"}],"wp:featuredmedia":[{"embeddable":true,"href":"https:\/\/innocentiemangonipiante.it\/de\/wp-json\/wp\/v2\/media\/5605"}],"wp:attachment":[{"href":"https:\/\/innocentiemangonipiante.it\/de\/wp-json\/wp\/v2\/media?parent=15586"}],"wp:term":[{"taxonomy":"product_brand","embeddable":true,"href":"https:\/\/innocentiemangonipiante.it\/de\/wp-json\/wp\/v2\/product_brand?post=15586"},{"taxonomy":"product_cat","embeddable":true,"href":"https:\/\/innocentiemangonipiante.it\/de\/wp-json\/wp\/v2\/product_cat?post=15586"},{"taxonomy":"product_tag","embeddable":true,"href":"https:\/\/innocentiemangonipiante.it\/de\/wp-json\/wp\/v2\/product_tag?post=15586"}],"curies":[{"name":"wp","href":"https:\/\/api.w.org\/{rel}","templated":true}]}}