{"id":15592,"date":"2023-11-04T03:09:58","date_gmt":"2023-11-04T02:09:58","guid":{"rendered":"http:\/\/innocentiemangonipiante.it\/syringa-vulgaris-mme-lemoine\/"},"modified":"2023-11-08T13:46:59","modified_gmt":"2023-11-08T12:46:59","slug":"syringa-vulgaris-mme-lemoine","status":"publish","type":"product","link":"https:\/\/innocentiemangonipiante.it\/de\/syringa-vulgaris-mme-lemoine\/","title":{"rendered":"SYRINGA vulgaris &#8218;Mme Lemoine&#8216;"},"content":{"rendered":"<p>Kompakt. Rispen mit wei\u00dfen Doppelbl\u00fcten, die aus cremefarbenen Knospen sprie\u00dfen.<\/p>\n","protected":false},"excerpt":{"rendered":"<p>Kompakt. Rispen mit wei\u00dfen Doppelbl\u00fcten, die aus cremefarbenen Knospen sprie\u00dfen.<\/p>\n","protected":false},"featured_media":5651,"template":"","meta":{"_acf_changed":false},"product_brand":[],"product_cat":[8813],"product_tag":[10898,8565],"class_list":{"0":"post-15592","1":"product","2":"type-product","3":"status-publish","4":"has-post-thumbnail","6":"product_cat-laubbaume-und-straucher","7":"product_tag-naturlichen","8":"product_tag-halbstamm","9":"pa_altezza-massima-400-de","10":"pa_altezza-massima-600-de","11":"pa_arte-topiaria-verfuegbar-formgehoelze","12":"pa_colore-fioritura-weis","13":"pa_condizionamento-clt-de","14":"pa_condizionamento-jungplanzen","15":"pa_condizionamento-m-de","16":"pa_condizionamento-viereckigertops","17":"pa_famiglia-oleaceae-de","18":"pa_genere-syringa-de","19":"pa_origine-mitteleuropa","20":"pa_periodo-fioritura-juni","21":"pa_periodo-fioritura-mai-de","22":"pa_portamento-arrotondato-de","23":"pa_profumo-intensiv","24":"pa_resistenza-climatica-sehr-hoch","25":"pa_resistenza-del-suolo-bestandig-gegen-kalkhaltige-boden","26":"pa_salinita-bestaendigkeit-in-meeresluft","27":"pa_utilizzo-kleine-gaerten","28":"pa_utilizzo-parks-de","30":"first","31":"instock","32":"purchasable","33":"product-type-simple"},"acf":[],"_links":{"self":[{"href":"https:\/\/innocentiemangonipiante.it\/de\/wp-json\/wp\/v2\/product\/15592","targetHints":{"allow":["GET"]}}],"collection":[{"href":"https:\/\/innocentiemangonipiante.it\/de\/wp-json\/wp\/v2\/product"}],"about":[{"href":"https:\/\/innocentiemangonipiante.it\/de\/wp-json\/wp\/v2\/types\/product"}],"wp:featuredmedia":[{"embeddable":true,"href":"https:\/\/innocentiemangonipiante.it\/de\/wp-json\/wp\/v2\/media\/5651"}],"wp:attachment":[{"href":"https:\/\/innocentiemangonipiante.it\/de\/wp-json\/wp\/v2\/media?parent=15592"}],"wp:term":[{"taxonomy":"product_brand","embeddable":true,"href":"https:\/\/innocentiemangonipiante.it\/de\/wp-json\/wp\/v2\/product_brand?post=15592"},{"taxonomy":"product_cat","embeddable":true,"href":"https:\/\/innocentiemangonipiante.it\/de\/wp-json\/wp\/v2\/product_cat?post=15592"},{"taxonomy":"product_tag","embeddable":true,"href":"https:\/\/innocentiemangonipiante.it\/de\/wp-json\/wp\/v2\/product_tag?post=15592"}],"curies":[{"name":"wp","href":"https:\/\/api.w.org\/{rel}","templated":true}]}}