{"id":15601,"date":"2023-11-04T03:09:00","date_gmt":"2023-11-04T02:09:00","guid":{"rendered":"http:\/\/innocentiemangonipiante.it\/syringa-reticulata-ivory-silk\/"},"modified":"2023-11-08T13:11:48","modified_gmt":"2023-11-08T12:11:48","slug":"syringa-reticulata-ivory-silk","status":"publish","type":"product","link":"https:\/\/innocentiemangonipiante.it\/de\/syringa-reticulata-ivory-silk\/","title":{"rendered":"SYRINGA reticulata &#8218;Ivory Silk&#8216;"},"content":{"rendered":"<p>Creme-wei\u00dfe Farbe der Blumen, duftend, in dichten endst\u00e4ndigen Rispen von Ende Mai bis Anfang Juni angeordnet. Die Bl\u00e4tter sind gr\u00fcn und eif\u00f6rmig elliptisch. Rot-braune Rinde.<\/p>\n","protected":false},"excerpt":{"rendered":"<p>Creme-wei\u00dfe Farbe der Blumen, duftend, in dichten endst\u00e4ndigen Rispen von Ende Mai bis Anfang Juni angeordnet. Die Bl\u00e4tter sind gr\u00fcn und eif\u00f6rmig elliptisch. Rot-braune Rinde.<\/p>\n","protected":false},"featured_media":24853,"template":"","meta":{"_acf_changed":false},"product_brand":[],"product_cat":[8813],"product_tag":[10898,8401],"class_list":{"0":"post-15601","1":"product","2":"type-product","3":"status-publish","4":"has-post-thumbnail","6":"product_cat-laubbaume-und-straucher","7":"product_tag-naturlichen","8":"product_tag-hochstamm","9":"pa_altezza-massima-400-de","10":"pa_altezza-massima-600-de","11":"pa_colore-fioritura-weis","12":"pa_condizionamento-clt-de","13":"pa_condizionamento-m-de","14":"pa_famiglia-oleaceae-de","15":"pa_genere-syringa-de","16":"pa_inquinamento-bestaendigkeit-gegen-smog","17":"pa_origine-japan-de","18":"pa_periodo-fioritura-juni","19":"pa_periodo-fioritura-mai-de","20":"pa_portamento-arrotondato-de","21":"pa_profumo-intensiv","22":"pa_resistenza-climatica-sehr-hoch","23":"pa_resistenza-del-suolo-bestandig-gegen-trockene-boden","24":"pa_utilizzo-kleine-gaerten","25":"pa_utilizzo-parks-de","27":"first","28":"instock","29":"purchasable","30":"product-type-simple"},"acf":[],"_links":{"self":[{"href":"https:\/\/innocentiemangonipiante.it\/de\/wp-json\/wp\/v2\/product\/15601","targetHints":{"allow":["GET"]}}],"collection":[{"href":"https:\/\/innocentiemangonipiante.it\/de\/wp-json\/wp\/v2\/product"}],"about":[{"href":"https:\/\/innocentiemangonipiante.it\/de\/wp-json\/wp\/v2\/types\/product"}],"wp:featuredmedia":[{"embeddable":true,"href":"https:\/\/innocentiemangonipiante.it\/de\/wp-json\/wp\/v2\/media\/24853"}],"wp:attachment":[{"href":"https:\/\/innocentiemangonipiante.it\/de\/wp-json\/wp\/v2\/media?parent=15601"}],"wp:term":[{"taxonomy":"product_brand","embeddable":true,"href":"https:\/\/innocentiemangonipiante.it\/de\/wp-json\/wp\/v2\/product_brand?post=15601"},{"taxonomy":"product_cat","embeddable":true,"href":"https:\/\/innocentiemangonipiante.it\/de\/wp-json\/wp\/v2\/product_cat?post=15601"},{"taxonomy":"product_tag","embeddable":true,"href":"https:\/\/innocentiemangonipiante.it\/de\/wp-json\/wp\/v2\/product_tag?post=15601"}],"curies":[{"name":"wp","href":"https:\/\/api.w.org\/{rel}","templated":true}]}}