{"id":15603,"date":"2023-11-04T03:11:40","date_gmt":"2023-11-04T02:11:40","guid":{"rendered":"http:\/\/innocentiemangonipiante.it\/tamarix-tetrandra\/"},"modified":"2023-11-08T13:47:39","modified_gmt":"2023-11-08T12:47:39","slug":"tamarix-tetrandra","status":"publish","type":"product","link":"https:\/\/innocentiemangonipiante.it\/de\/tamarix-tetrandra\/","title":{"rendered":"TAMARIX tetrandra"},"content":{"rendered":"<p>Von Mitte bis Ende Fr\u00fchjahr sprie\u00dfen auf den alten Trieben hellrosa Bl\u00fcten mit 4 Kronbl\u00e4ttern, die in 5 cm langen Trauben gruppiert sind.<\/p>\n","protected":false},"excerpt":{"rendered":"<p>Von Mitte bis Ende Fr\u00fchjahr sprie\u00dfen auf den alten Trieben hellrosa Bl\u00fcten mit 4 Kronbl\u00e4ttern, die in 5 cm langen Trauben gruppiert sind.<\/p>\n","protected":false},"featured_media":5695,"template":"","meta":{"_acf_changed":false},"product_brand":[],"product_cat":[8813],"product_tag":[10898,8565,8401],"class_list":{"0":"post-15603","1":"product","2":"type-product","3":"status-publish","4":"has-post-thumbnail","6":"product_cat-laubbaume-und-straucher","7":"product_tag-naturlichen","8":"product_tag-halbstamm","9":"product_tag-hochstamm","10":"pa_altezza-massima-200-de","11":"pa_altezza-massima-300-de","12":"pa_colore-fioritura-rose-de","13":"pa_condizionamento-clt-de","14":"pa_condizionamento-m-de","15":"pa_famiglia-tamaricaceae-de","16":"pa_genere-tamarix-de","17":"pa_origine-balkans-de","18":"pa_periodo-fioritura-juni","19":"pa_periodo-fioritura-mai-de","20":"pa_portamento-eretto-de","21":"pa_resistenza-climatica-mittel-hoch","22":"pa_resistenza-del-suolo-bestandig-gegen-kalkhaltige-boden","23":"pa_resistenza-del-suolo-bestandig-gegen-trockene-boden","24":"pa_salinita-bestaendigkeit-in-meeresluft","25":"pa_utilizzo-kleine-gaerten","26":"pa_utilizzo-parks-de","28":"first","29":"instock","30":"purchasable","31":"product-type-simple"},"acf":[],"_links":{"self":[{"href":"https:\/\/innocentiemangonipiante.it\/de\/wp-json\/wp\/v2\/product\/15603","targetHints":{"allow":["GET"]}}],"collection":[{"href":"https:\/\/innocentiemangonipiante.it\/de\/wp-json\/wp\/v2\/product"}],"about":[{"href":"https:\/\/innocentiemangonipiante.it\/de\/wp-json\/wp\/v2\/types\/product"}],"wp:featuredmedia":[{"embeddable":true,"href":"https:\/\/innocentiemangonipiante.it\/de\/wp-json\/wp\/v2\/media\/5695"}],"wp:attachment":[{"href":"https:\/\/innocentiemangonipiante.it\/de\/wp-json\/wp\/v2\/media?parent=15603"}],"wp:term":[{"taxonomy":"product_brand","embeddable":true,"href":"https:\/\/innocentiemangonipiante.it\/de\/wp-json\/wp\/v2\/product_brand?post=15603"},{"taxonomy":"product_cat","embeddable":true,"href":"https:\/\/innocentiemangonipiante.it\/de\/wp-json\/wp\/v2\/product_cat?post=15603"},{"taxonomy":"product_tag","embeddable":true,"href":"https:\/\/innocentiemangonipiante.it\/de\/wp-json\/wp\/v2\/product_tag?post=15603"}],"curies":[{"name":"wp","href":"https:\/\/api.w.org\/{rel}","templated":true}]}}