{"id":15605,"date":"2023-11-04T03:11:04","date_gmt":"2023-11-04T02:11:04","guid":{"rendered":"http:\/\/innocentiemangonipiante.it\/tamarix-africana\/"},"modified":"2023-11-08T13:47:22","modified_gmt":"2023-11-08T12:47:22","slug":"tamarix-africana","status":"publish","type":"product","link":"https:\/\/innocentiemangonipiante.it\/de\/tamarix-africana\/","title":{"rendered":"TAMARIX africana"},"content":{"rendered":"<p>Sommergr\u00fcner Baum oder Strauch mit von hellrosa- bis weissfarbenen Bl\u00fcten. Sch\u00f6ne Sorte f\u00fcr Nutzung als Einzelst\u00fcck. Geeignet f\u00fcr Meerund Seelagen.<\/p>\n","protected":false},"excerpt":{"rendered":"<p>Sommergr\u00fcner Baum oder Strauch mit von hellrosa- bis weissfarbenen Bl\u00fcten. Sch\u00f6ne Sorte f\u00fcr Nutzung als Einzelst\u00fcck. Geeignet f\u00fcr Meerund Seelagen.<\/p>\n","protected":false},"featured_media":5683,"template":"","meta":{"_acf_changed":false},"product_brand":[],"product_cat":[8813,9231],"product_tag":[10898,8565,8401,8597],"class_list":{"0":"post-15605","1":"product","2":"type-product","3":"status-publish","4":"has-post-thumbnail","6":"product_cat-laubbaume-und-straucher","7":"product_cat-baume-und-pflanzen-der-zukunft","8":"product_tag-naturlichen","9":"product_tag-halbstamm","10":"product_tag-hochstamm","11":"product_tag-multistamm","12":"pa_altezza-massima-600-de","13":"pa_altezza-massima-900-de","14":"pa_colore-fioritura-rose-de","15":"pa_condizionamento-clt-de","16":"pa_famiglia-tamaricaceae-de","17":"pa_genere-tamarix-de","18":"pa_origine-europaischen-mittelmeeres","19":"pa_periodo-fioritura-juni","20":"pa_periodo-fioritura-mai-de","21":"pa_portamento-eretto-de","22":"pa_resistenza-climatica-mittel-hoch","23":"pa_resistenza-del-suolo-bestandig-gegen-kalkhaltige-boden","24":"pa_resistenza-del-suolo-bestandig-gegen-trockene-boden","25":"pa_salinita-bestaendigkeit-in-meeresluft","26":"pa_utilizzo-parks-de","28":"first","29":"instock","30":"purchasable","31":"product-type-simple"},"acf":[],"_links":{"self":[{"href":"https:\/\/innocentiemangonipiante.it\/de\/wp-json\/wp\/v2\/product\/15605","targetHints":{"allow":["GET"]}}],"collection":[{"href":"https:\/\/innocentiemangonipiante.it\/de\/wp-json\/wp\/v2\/product"}],"about":[{"href":"https:\/\/innocentiemangonipiante.it\/de\/wp-json\/wp\/v2\/types\/product"}],"wp:featuredmedia":[{"embeddable":true,"href":"https:\/\/innocentiemangonipiante.it\/de\/wp-json\/wp\/v2\/media\/5683"}],"wp:attachment":[{"href":"https:\/\/innocentiemangonipiante.it\/de\/wp-json\/wp\/v2\/media?parent=15605"}],"wp:term":[{"taxonomy":"product_brand","embeddable":true,"href":"https:\/\/innocentiemangonipiante.it\/de\/wp-json\/wp\/v2\/product_brand?post=15605"},{"taxonomy":"product_cat","embeddable":true,"href":"https:\/\/innocentiemangonipiante.it\/de\/wp-json\/wp\/v2\/product_cat?post=15605"},{"taxonomy":"product_tag","embeddable":true,"href":"https:\/\/innocentiemangonipiante.it\/de\/wp-json\/wp\/v2\/product_tag?post=15605"}],"curies":[{"name":"wp","href":"https:\/\/api.w.org\/{rel}","templated":true}]}}