{"id":15606,"date":"2023-11-04T03:11:53","date_gmt":"2023-11-04T02:11:53","guid":{"rendered":"http:\/\/innocentiemangonipiante.it\/taxodium-distichum\/"},"modified":"2023-11-08T13:47:47","modified_gmt":"2023-11-08T12:47:47","slug":"taxodium-distichum","status":"publish","type":"product","link":"https:\/\/innocentiemangonipiante.it\/de\/taxodium-distichum\/","title":{"rendered":"TAXODIUM distichum"},"content":{"rendered":"<p>Sommergr\u00fcner, kegelf\u00f6rmiger Baum in jungen Jahren und s\u00e4ulenf\u00f6rmig im Alter. Die hellbraune Rinde platzt an der Oberfl\u00e4che auf und bildet im Alter Furchen. Die wechselst\u00e4ndigen, weichen, lanzettartigen, fahlgr\u00fcnen und 2 cm langen Bl\u00e4tter f\u00e4rben sich im Herbst von goldgelb in rostbraun. Vertr\u00e4gt sehr gut feuchte oder durch \u00dcberschwemmungen gef\u00e4hrdete B\u00f6den. Schnelles Wachstum.<\/p>\n","protected":false},"excerpt":{"rendered":"<p>Sommergr\u00fcner, kegelf\u00f6rmiger Baum in jungen Jahren und s\u00e4ulenf\u00f6rmig im Alter. Die hellbraune Rinde platzt an der Oberfl\u00e4che auf und bildet im Alter Furchen. Die wechselst\u00e4ndigen, weichen, lanzettartigen, fahlgr\u00fcnen und 2 cm langen Bl\u00e4tter f\u00e4rben sich im Herbst von goldgelb in rostbraun. Vertr\u00e4gt sehr gut feuchte oder durch \u00dcberschwemmungen gef\u00e4hrdete B\u00f6den. Schnelles Wachstum.<\/p>\n","protected":false},"featured_media":5701,"template":"","meta":{"_acf_changed":false},"product_brand":[],"product_cat":[8825],"product_tag":[10898,8401],"class_list":{"0":"post-15606","1":"product","2":"type-product","3":"status-publish","4":"has-post-thumbnail","6":"product_cat-koniferen","7":"product_tag-naturlichen","8":"product_tag-hochstamm","9":"pa_altezza-massima-30-meter","10":"pa_altezza-massima-40-meter","11":"pa_condizionamento-clt-de","12":"pa_condizionamento-m-de","13":"pa_famiglia-taxodiaceae-de","14":"pa_genere-taxodium-de","15":"pa_inquinamento-bestaendigkeit-gegen-smog","16":"pa_origine-u-s-a","17":"pa_portamento-conico-de","18":"pa_resistenza-climatica-mittel-hoch","19":"pa_resistenza-del-suolo-bestandig-gegen-kalkhaltige-boden","20":"pa_resistenza-del-suolo-bestandigkeit-auf-feuchten-boden","21":"pa_utilizzo-kleine-gaerten","22":"pa_utilizzo-parks-de","24":"first","25":"instock","26":"purchasable","27":"product-type-simple"},"acf":[],"_links":{"self":[{"href":"https:\/\/innocentiemangonipiante.it\/de\/wp-json\/wp\/v2\/product\/15606","targetHints":{"allow":["GET"]}}],"collection":[{"href":"https:\/\/innocentiemangonipiante.it\/de\/wp-json\/wp\/v2\/product"}],"about":[{"href":"https:\/\/innocentiemangonipiante.it\/de\/wp-json\/wp\/v2\/types\/product"}],"wp:featuredmedia":[{"embeddable":true,"href":"https:\/\/innocentiemangonipiante.it\/de\/wp-json\/wp\/v2\/media\/5701"}],"wp:attachment":[{"href":"https:\/\/innocentiemangonipiante.it\/de\/wp-json\/wp\/v2\/media?parent=15606"}],"wp:term":[{"taxonomy":"product_brand","embeddable":true,"href":"https:\/\/innocentiemangonipiante.it\/de\/wp-json\/wp\/v2\/product_brand?post=15606"},{"taxonomy":"product_cat","embeddable":true,"href":"https:\/\/innocentiemangonipiante.it\/de\/wp-json\/wp\/v2\/product_cat?post=15606"},{"taxonomy":"product_tag","embeddable":true,"href":"https:\/\/innocentiemangonipiante.it\/de\/wp-json\/wp\/v2\/product_tag?post=15606"}],"curies":[{"name":"wp","href":"https:\/\/api.w.org\/{rel}","templated":true}]}}