{"id":15609,"date":"2023-11-04T03:12:20","date_gmt":"2023-11-04T02:12:20","guid":{"rendered":"http:\/\/innocentiemangonipiante.it\/taxus-baccata-fastigiata-aurea\/"},"modified":"2023-11-08T13:48:23","modified_gmt":"2023-11-08T12:48:23","slug":"taxus-baccata-fastigiata-aurea","status":"publish","type":"product","link":"https:\/\/innocentiemangonipiante.it\/de\/taxus-baccata-fastigiata-aurea\/","title":{"rendered":"TAXUS baccata &#8218;Fastigiata Aurea&#8216;"},"content":{"rendered":"<p>S\u00e4ulenf\u00f6rmiger Strauch mit dichtem und aufrechtem Astwerk. Die dunkelgr\u00fcnen Bl\u00e4tter haben breite goldgelbe R\u00e4nder.<\/p>\n","protected":false},"excerpt":{"rendered":"<p>S\u00e4ulenf\u00f6rmiger Strauch mit dichtem und aufrechtem Astwerk. Die dunkelgr\u00fcnen Bl\u00e4tter haben breite goldgelbe R\u00e4nder.<\/p>\n","protected":false},"featured_media":5708,"template":"","meta":{"_acf_changed":false},"product_brand":[],"product_cat":[8825],"product_tag":[10898],"class_list":{"0":"post-15609","1":"product","2":"type-product","3":"status-publish","4":"has-post-thumbnail","6":"product_cat-koniferen","7":"product_tag-naturlichen","8":"pa_altezza-massima-400-de","9":"pa_altezza-massima-600-de","10":"pa_colore-delle-foglie-vielfaeltigen","11":"pa_condizionamento-clt-de","12":"pa_condizionamento-jungplanzen","13":"pa_condizionamento-m-de","14":"pa_famiglia-taxaceae-de","15":"pa_genere-taxus-de","16":"pa_inquinamento-bestaendigkeit-gegen-smog","17":"pa_origine-irland","18":"pa_portamento-saulenformig","19":"pa_resistenza-climatica-sehr-hoch","20":"pa_resistenza-del-suolo-bestandig-gegen-kalkhaltige-boden","21":"pa_utilizzo-kleine-gaerten","22":"pa_utilizzo-parks-de","24":"first","25":"instock","26":"purchasable","27":"product-type-simple"},"acf":[],"_links":{"self":[{"href":"https:\/\/innocentiemangonipiante.it\/de\/wp-json\/wp\/v2\/product\/15609","targetHints":{"allow":["GET"]}}],"collection":[{"href":"https:\/\/innocentiemangonipiante.it\/de\/wp-json\/wp\/v2\/product"}],"about":[{"href":"https:\/\/innocentiemangonipiante.it\/de\/wp-json\/wp\/v2\/types\/product"}],"wp:featuredmedia":[{"embeddable":true,"href":"https:\/\/innocentiemangonipiante.it\/de\/wp-json\/wp\/v2\/media\/5708"}],"wp:attachment":[{"href":"https:\/\/innocentiemangonipiante.it\/de\/wp-json\/wp\/v2\/media?parent=15609"}],"wp:term":[{"taxonomy":"product_brand","embeddable":true,"href":"https:\/\/innocentiemangonipiante.it\/de\/wp-json\/wp\/v2\/product_brand?post=15609"},{"taxonomy":"product_cat","embeddable":true,"href":"https:\/\/innocentiemangonipiante.it\/de\/wp-json\/wp\/v2\/product_cat?post=15609"},{"taxonomy":"product_tag","embeddable":true,"href":"https:\/\/innocentiemangonipiante.it\/de\/wp-json\/wp\/v2\/product_tag?post=15609"}],"curies":[{"name":"wp","href":"https:\/\/api.w.org\/{rel}","templated":true}]}}