{"id":15610,"date":"2023-11-04T03:13:17","date_gmt":"2023-11-04T02:13:17","guid":{"rendered":"http:\/\/innocentiemangonipiante.it\/thea-sinensis\/"},"modified":"2023-11-08T13:48:54","modified_gmt":"2023-11-08T12:48:54","slug":"thea-sinensis","status":"publish","type":"product","link":"https:\/\/innocentiemangonipiante.it\/de\/thea-sinensis\/","title":{"rendered":"THEA sinensis"},"content":{"rendered":"<p>\u2018Teepflanze\u2019. Immergr\u00fcner, buschartiger Strauch mit kompaktem und dichtem Wuchs. Langsames Wachstum. Im sp\u00e4ten Fr\u00fchjahr bl\u00fchen kleine wei\u00dfe Bl\u00fcten.<\/p>\n","protected":false},"excerpt":{"rendered":"<p>\u2018Teepflanze\u2019. Immergr\u00fcner, buschartiger Strauch mit kompaktem und dichtem Wuchs. Langsames Wachstum. Im sp\u00e4ten Fr\u00fchjahr bl\u00fchen kleine wei\u00dfe Bl\u00fcten.<\/p>\n","protected":false},"featured_media":5738,"template":"","meta":{"_acf_changed":false},"product_brand":[],"product_cat":[8816],"product_tag":[10898],"class_list":{"0":"post-15610","1":"product","2":"type-product","3":"status-publish","4":"has-post-thumbnail","6":"product_cat-hartnaeckige-baeume-und-straeucher","7":"product_tag-naturlichen","8":"pa_altezza-massima-300-de","9":"pa_altezza-massima-500-de","10":"pa_colore-fioritura-weis","11":"pa_condizionamento-clt-de","12":"pa_famiglia-theaceae-de","13":"pa_genere-thea-de","14":"pa_origine-ostasien","15":"pa_periodo-fioritura-juni","16":"pa_portamento-arrotondato-de","17":"pa_resistenza-climatica-mittel-hoch","18":"pa_utilizzo-kleine-gaerten","20":"first","21":"instock","22":"purchasable","23":"product-type-simple"},"acf":[],"_links":{"self":[{"href":"https:\/\/innocentiemangonipiante.it\/de\/wp-json\/wp\/v2\/product\/15610","targetHints":{"allow":["GET"]}}],"collection":[{"href":"https:\/\/innocentiemangonipiante.it\/de\/wp-json\/wp\/v2\/product"}],"about":[{"href":"https:\/\/innocentiemangonipiante.it\/de\/wp-json\/wp\/v2\/types\/product"}],"wp:featuredmedia":[{"embeddable":true,"href":"https:\/\/innocentiemangonipiante.it\/de\/wp-json\/wp\/v2\/media\/5738"}],"wp:attachment":[{"href":"https:\/\/innocentiemangonipiante.it\/de\/wp-json\/wp\/v2\/media?parent=15610"}],"wp:term":[{"taxonomy":"product_brand","embeddable":true,"href":"https:\/\/innocentiemangonipiante.it\/de\/wp-json\/wp\/v2\/product_brand?post=15610"},{"taxonomy":"product_cat","embeddable":true,"href":"https:\/\/innocentiemangonipiante.it\/de\/wp-json\/wp\/v2\/product_cat?post=15610"},{"taxonomy":"product_tag","embeddable":true,"href":"https:\/\/innocentiemangonipiante.it\/de\/wp-json\/wp\/v2\/product_tag?post=15610"}],"curies":[{"name":"wp","href":"https:\/\/api.w.org\/{rel}","templated":true}]}}