{"id":15611,"date":"2023-11-04T03:14:15","date_gmt":"2023-11-04T02:14:15","guid":{"rendered":"http:\/\/innocentiemangonipiante.it\/thuja-plicata-atrovirens\/"},"modified":"2023-11-08T13:49:24","modified_gmt":"2023-11-08T12:49:24","slug":"thuja-plicata-atrovirens","status":"publish","type":"product","link":"https:\/\/innocentiemangonipiante.it\/de\/thuja-plicata-atrovirens\/","title":{"rendered":"THUJA plicata &#8218;Atrovirens&#8216;"},"content":{"rendered":"<p>Gro\u00dfer kegel-bis s\u00e4ulenf\u00f6rmiger Baum, dessen untere \u00c4ste gewellt sind und dessen rot-braune Rinde im Alter aufplatzt und leichte Furchen auf dem Stamm bildet. Dunkelgr\u00fcnes schuppenf\u00f6rmiges Laubwerk. Der kompakte Wuchs und das schnelle Wachstum machen den Nadelbaum zu einer idealen Pflanze f\u00fcr Hecken, da sie sich auch gut zum Beschneiden eignet.<\/p>\n","protected":false},"excerpt":{"rendered":"<p>Gro\u00dfer kegel-bis s\u00e4ulenf\u00f6rmiger Baum, dessen untere \u00c4ste gewellt sind und dessen rot-braune Rinde im Alter aufplatzt und leichte Furchen auf dem Stamm bildet. Dunkelgr\u00fcnes schuppenf\u00f6rmiges Laubwerk. Der kompakte Wuchs und das schnelle Wachstum machen den Nadelbaum zu einer idealen Pflanze f\u00fcr Hecken, da sie sich auch gut zum Beschneiden eignet.<\/p>\n","protected":false},"featured_media":5769,"template":"","meta":{"_acf_changed":false},"product_brand":[],"product_cat":[8825],"product_tag":[10898],"class_list":{"0":"post-15611","1":"product","2":"type-product","3":"status-publish","4":"has-post-thumbnail","6":"product_cat-koniferen","7":"product_tag-naturlichen","8":"pa_altezza-massima-20-meter","9":"pa_altezza-massima-30-meter","10":"pa_condizionamento-clt-de","11":"pa_condizionamento-jungplanzen","12":"pa_famiglia-cupressaceae-de","13":"pa_genere-thuja-de","14":"pa_inquinamento-bestaendigkeit-gegen-smog","15":"pa_origine-u-s-a","16":"pa_portamento-saulenformig","17":"pa_resistenza-climatica-sehr-hoch","18":"pa_resistenza-del-suolo-bestandig-gegen-kalkhaltige-boden","19":"pa_utilizzo-hecken","20":"pa_utilizzo-kleine-gaerten","21":"pa_utilizzo-parks-de","23":"first","24":"instock","25":"purchasable","26":"product-type-simple"},"acf":[],"_links":{"self":[{"href":"https:\/\/innocentiemangonipiante.it\/de\/wp-json\/wp\/v2\/product\/15611","targetHints":{"allow":["GET"]}}],"collection":[{"href":"https:\/\/innocentiemangonipiante.it\/de\/wp-json\/wp\/v2\/product"}],"about":[{"href":"https:\/\/innocentiemangonipiante.it\/de\/wp-json\/wp\/v2\/types\/product"}],"wp:featuredmedia":[{"embeddable":true,"href":"https:\/\/innocentiemangonipiante.it\/de\/wp-json\/wp\/v2\/media\/5769"}],"wp:attachment":[{"href":"https:\/\/innocentiemangonipiante.it\/de\/wp-json\/wp\/v2\/media?parent=15611"}],"wp:term":[{"taxonomy":"product_brand","embeddable":true,"href":"https:\/\/innocentiemangonipiante.it\/de\/wp-json\/wp\/v2\/product_brand?post=15611"},{"taxonomy":"product_cat","embeddable":true,"href":"https:\/\/innocentiemangonipiante.it\/de\/wp-json\/wp\/v2\/product_cat?post=15611"},{"taxonomy":"product_tag","embeddable":true,"href":"https:\/\/innocentiemangonipiante.it\/de\/wp-json\/wp\/v2\/product_tag?post=15611"}],"curies":[{"name":"wp","href":"https:\/\/api.w.org\/{rel}","templated":true}]}}