{"id":15612,"date":"2023-11-04T03:14:07","date_gmt":"2023-11-04T02:14:07","guid":{"rendered":"http:\/\/innocentiemangonipiante.it\/thuja-orientalis-pyramidalis-aurea\/"},"modified":"2023-11-08T13:49:17","modified_gmt":"2023-11-08T12:49:17","slug":"thuja-orientalis-pyramidalis-aurea","status":"publish","type":"product","link":"https:\/\/innocentiemangonipiante.it\/de\/thuja-orientalis-pyramidalis-aurea\/","title":{"rendered":"THUJA orientalis &#8218;Pyramidalis Aurea&#8216;"},"content":{"rendered":"<p>Gro\u00dfer Strauch mit pyramidalem bis s\u00e4ulenf\u00f6rmigem Wuchs. Das aufrechte Astwerk tr\u00e4gt schuppenf\u00f6rmige, dichte leuchtend goldgelbe Bl\u00e4tter, die im Winter braunrot werden.<\/p>\n","protected":false},"excerpt":{"rendered":"<p>Gro\u00dfer Strauch mit pyramidalem bis s\u00e4ulenf\u00f6rmigem Wuchs. Das aufrechte Astwerk tr\u00e4gt schuppenf\u00f6rmige, dichte leuchtend goldgelbe Bl\u00e4tter, die im Winter braunrot werden.<\/p>\n","protected":false},"featured_media":5763,"template":"","meta":{"_acf_changed":false},"product_brand":[],"product_cat":[8825],"product_tag":[10898],"class_list":{"0":"post-15612","1":"product","2":"type-product","3":"status-publish","4":"has-post-thumbnail","6":"product_cat-koniferen","7":"product_tag-naturlichen","8":"pa_altezza-massima-400-de","9":"pa_altezza-massima-600-de","10":"pa_colore-delle-foglie-gelben","11":"pa_condizionamento-clt-de","12":"pa_condizionamento-jungplanzen","13":"pa_famiglia-cupressaceae-de","14":"pa_genere-thuja-de","15":"pa_origine-ostasien","16":"pa_portamento-saulenformig","17":"pa_resistenza-climatica-sehr-hoch","18":"pa_resistenza-del-suolo-bestandig-gegen-kalkhaltige-boden","19":"pa_resistenza-del-suolo-bestandig-gegen-trockene-boden","20":"pa_utilizzo-kleine-gaerten","21":"pa_utilizzo-parks-de","23":"first","24":"instock","25":"purchasable","26":"product-type-simple"},"acf":[],"_links":{"self":[{"href":"https:\/\/innocentiemangonipiante.it\/de\/wp-json\/wp\/v2\/product\/15612","targetHints":{"allow":["GET"]}}],"collection":[{"href":"https:\/\/innocentiemangonipiante.it\/de\/wp-json\/wp\/v2\/product"}],"about":[{"href":"https:\/\/innocentiemangonipiante.it\/de\/wp-json\/wp\/v2\/types\/product"}],"wp:featuredmedia":[{"embeddable":true,"href":"https:\/\/innocentiemangonipiante.it\/de\/wp-json\/wp\/v2\/media\/5763"}],"wp:attachment":[{"href":"https:\/\/innocentiemangonipiante.it\/de\/wp-json\/wp\/v2\/media?parent=15612"}],"wp:term":[{"taxonomy":"product_brand","embeddable":true,"href":"https:\/\/innocentiemangonipiante.it\/de\/wp-json\/wp\/v2\/product_brand?post=15612"},{"taxonomy":"product_cat","embeddable":true,"href":"https:\/\/innocentiemangonipiante.it\/de\/wp-json\/wp\/v2\/product_cat?post=15612"},{"taxonomy":"product_tag","embeddable":true,"href":"https:\/\/innocentiemangonipiante.it\/de\/wp-json\/wp\/v2\/product_tag?post=15612"}],"curies":[{"name":"wp","href":"https:\/\/api.w.org\/{rel}","templated":true}]}}