{"id":15617,"date":"2023-11-04T03:14:35","date_gmt":"2023-11-04T02:14:35","guid":{"rendered":"http:\/\/innocentiemangonipiante.it\/thunbergia-grandiflora\/"},"modified":"2023-11-08T13:49:36","modified_gmt":"2023-11-08T12:49:36","slug":"thunbergia-grandiflora","status":"publish","type":"product","link":"https:\/\/innocentiemangonipiante.it\/de\/thunbergia-grandiflora\/","title":{"rendered":"THUNBERGIA grandiflora"},"content":{"rendered":"<p>Starke, immergr\u00fcne Kletterpflanze. Dunkelgr\u00fcne 10 bis 20cm lange Bl\u00e4tter. Im Sommer produziert es trompetenf\u00f6rmige blau-lavender- oder blaulila-oder gar weissfarbige Bl\u00fcten mit gelbem Herz.<\/p>\n","protected":false},"excerpt":{"rendered":"<p>Starke, immergr\u00fcne Kletterpflanze. Dunkelgr\u00fcne 10 bis 20cm lange Bl\u00e4tter. Im Sommer produziert es trompetenf\u00f6rmige blau-lavender- oder blaulila-oder gar weissfarbige Bl\u00fcten mit gelbem Herz.<\/p>\n","protected":false},"featured_media":5775,"template":"","meta":{"_acf_changed":false},"product_brand":[],"product_cat":[8837],"product_tag":[10898],"class_list":{"0":"post-15617","1":"product","2":"type-product","3":"status-publish","4":"has-post-thumbnail","6":"product_cat-schlingpflanzen","7":"product_tag-naturlichen","8":"pa_altezza-massima-800-de","9":"pa_altezza-massima-1000-de-2","10":"pa_colore-fioritura-blau","11":"pa_condizionamento-clt-de","12":"pa_famiglia-acanthaceae-de","13":"pa_genere-thunbergia-de","14":"pa_origine-indien","15":"pa_periodo-fioritura-august-de","16":"pa_periodo-fioritura-juli","17":"pa_resistenza-climatica-sehr-niedrig","18":"pa_utilizzo-kleine-gaerten","19":"pa_utilizzo-parks-de","21":"first","22":"instock","23":"purchasable","24":"product-type-simple"},"acf":[],"_links":{"self":[{"href":"https:\/\/innocentiemangonipiante.it\/de\/wp-json\/wp\/v2\/product\/15617","targetHints":{"allow":["GET"]}}],"collection":[{"href":"https:\/\/innocentiemangonipiante.it\/de\/wp-json\/wp\/v2\/product"}],"about":[{"href":"https:\/\/innocentiemangonipiante.it\/de\/wp-json\/wp\/v2\/types\/product"}],"wp:featuredmedia":[{"embeddable":true,"href":"https:\/\/innocentiemangonipiante.it\/de\/wp-json\/wp\/v2\/media\/5775"}],"wp:attachment":[{"href":"https:\/\/innocentiemangonipiante.it\/de\/wp-json\/wp\/v2\/media?parent=15617"}],"wp:term":[{"taxonomy":"product_brand","embeddable":true,"href":"https:\/\/innocentiemangonipiante.it\/de\/wp-json\/wp\/v2\/product_brand?post=15617"},{"taxonomy":"product_cat","embeddable":true,"href":"https:\/\/innocentiemangonipiante.it\/de\/wp-json\/wp\/v2\/product_cat?post=15617"},{"taxonomy":"product_tag","embeddable":true,"href":"https:\/\/innocentiemangonipiante.it\/de\/wp-json\/wp\/v2\/product_tag?post=15617"}],"curies":[{"name":"wp","href":"https:\/\/api.w.org\/{rel}","templated":true}]}}