{"id":15619,"date":"2023-11-04T03:15:53","date_gmt":"2023-11-04T02:15:53","guid":{"rendered":"http:\/\/innocentiemangonipiante.it\/tilia-platyphyllos-zelzate\/"},"modified":"2023-11-08T13:50:34","modified_gmt":"2023-11-08T12:50:34","slug":"tilia-platyphyllos-zelzate","status":"publish","type":"product","link":"https:\/\/innocentiemangonipiante.it\/de\/tilia-platyphyllos-zelzate\/","title":{"rendered":"TILIA platyphyllos &#8218;Zelzate&#8216; \u00ae"},"content":{"rendered":"<p>Aufrechtes Wachtstum. Die dunkelgr\u00fcnen Bl\u00e4tter werden im Herbst goldgelbfarbig. Sehr geeignet f\u00fcr Alleen und Parkanlagen.<\/p>\n","protected":false},"excerpt":{"rendered":"<p>Aufrechtes Wachtstum. Die dunkelgr\u00fcnen Bl\u00e4tter werden im Herbst goldgelbfarbig. Sehr geeignet f\u00fcr Alleen und Parkanlagen.<\/p>\n","protected":false},"featured_media":5835,"template":"","meta":{"_acf_changed":false},"product_brand":[],"product_cat":[8813],"product_tag":[10898],"class_list":{"0":"post-15619","1":"product","2":"type-product","3":"status-publish","4":"has-post-thumbnail","6":"product_cat-laubbaume-und-straucher","7":"product_tag-naturlichen","8":"pa_altezza-massima-25-meter","9":"pa_altezza-massima-35-meter","10":"pa_colore-fioritura-gelbe","11":"pa_famiglia-tiliaceae-de","12":"pa_genere-tilia-de","13":"pa_origine-nordeuropa-de-2","14":"pa_periodo-fioritura-august-de","15":"pa_periodo-fioritura-juli","16":"pa_portamento-arrotondato-de","17":"pa_profumo-intensiv","18":"pa_resistenza-climatica-sehr-hoch","19":"pa_utilizzo-alleen","20":"pa_utilizzo-parks-de","22":"first","23":"instock","24":"purchasable","25":"product-type-simple"},"acf":[],"_links":{"self":[{"href":"https:\/\/innocentiemangonipiante.it\/de\/wp-json\/wp\/v2\/product\/15619","targetHints":{"allow":["GET"]}}],"collection":[{"href":"https:\/\/innocentiemangonipiante.it\/de\/wp-json\/wp\/v2\/product"}],"about":[{"href":"https:\/\/innocentiemangonipiante.it\/de\/wp-json\/wp\/v2\/types\/product"}],"wp:featuredmedia":[{"embeddable":true,"href":"https:\/\/innocentiemangonipiante.it\/de\/wp-json\/wp\/v2\/media\/5835"}],"wp:attachment":[{"href":"https:\/\/innocentiemangonipiante.it\/de\/wp-json\/wp\/v2\/media?parent=15619"}],"wp:term":[{"taxonomy":"product_brand","embeddable":true,"href":"https:\/\/innocentiemangonipiante.it\/de\/wp-json\/wp\/v2\/product_brand?post=15619"},{"taxonomy":"product_cat","embeddable":true,"href":"https:\/\/innocentiemangonipiante.it\/de\/wp-json\/wp\/v2\/product_cat?post=15619"},{"taxonomy":"product_tag","embeddable":true,"href":"https:\/\/innocentiemangonipiante.it\/de\/wp-json\/wp\/v2\/product_tag?post=15619"}],"curies":[{"name":"wp","href":"https:\/\/api.w.org\/{rel}","templated":true}]}}