{"id":15621,"date":"2023-11-04T03:15:59","date_gmt":"2023-11-04T02:15:59","guid":{"rendered":"http:\/\/innocentiemangonipiante.it\/tilia-tomentosa\/"},"modified":"2023-11-08T13:50:37","modified_gmt":"2023-11-08T12:50:37","slug":"tilia-tomentosa","status":"publish","type":"product","link":"https:\/\/innocentiemangonipiante.it\/de\/tilia-tomentosa\/","title":{"rendered":"TILIA tomentosa"},"content":{"rendered":"<p>S\u00e4ulen- bis kegelf\u00f6rmiger Baum mit rundlichen bis eif\u00f6rmigen Bl\u00e4ttern, die dunkelgr\u00fcn auf der Ober- und wei\u00df-silbrig auf der Unterseite sind.<\/p>\n","protected":false},"excerpt":{"rendered":"<p>S\u00e4ulen- bis kegelf\u00f6rmiger Baum mit rundlichen bis eif\u00f6rmigen Bl\u00e4ttern, die dunkelgr\u00fcn auf der Ober- und wei\u00df-silbrig auf der Unterseite sind.<\/p>\n","protected":false},"featured_media":5841,"template":"","meta":{"_acf_changed":false},"product_brand":[],"product_cat":[8813,9231],"product_tag":[10898,8401],"class_list":{"0":"post-15621","1":"product","2":"type-product","3":"status-publish","4":"has-post-thumbnail","6":"product_cat-laubbaume-und-straucher","7":"product_cat-baume-und-pflanzen-der-zukunft","8":"product_tag-naturlichen","9":"product_tag-hochstamm","10":"pa_altezza-massima-20-meter","11":"pa_altezza-massima-30-meter","12":"pa_colore-fioritura-weis","13":"pa_condizionamento-clt-de","14":"pa_condizionamento-m-de","15":"pa_famiglia-tiliaceae-de","16":"pa_genere-tilia-de","17":"pa_inquinamento-bestaendigkeit-gegen-smog","18":"pa_origine-mitteleuropa","19":"pa_periodo-fioritura-juli","20":"pa_periodo-fioritura-juni","21":"pa_portamento-piramidale-de","22":"pa_profumo-intensiv","23":"pa_resistenza-climatica-mittel-hoch","24":"pa_resistenza-del-suolo-bestandig-gegen-kalkhaltige-boden","25":"pa_resistenza-del-suolo-bestandig-gegen-trockene-boden","26":"pa_utilizzo-alleen","27":"pa_utilizzo-parks-de","29":"first","30":"instock","31":"purchasable","32":"product-type-simple"},"acf":[],"_links":{"self":[{"href":"https:\/\/innocentiemangonipiante.it\/de\/wp-json\/wp\/v2\/product\/15621","targetHints":{"allow":["GET"]}}],"collection":[{"href":"https:\/\/innocentiemangonipiante.it\/de\/wp-json\/wp\/v2\/product"}],"about":[{"href":"https:\/\/innocentiemangonipiante.it\/de\/wp-json\/wp\/v2\/types\/product"}],"wp:featuredmedia":[{"embeddable":true,"href":"https:\/\/innocentiemangonipiante.it\/de\/wp-json\/wp\/v2\/media\/5841"}],"wp:attachment":[{"href":"https:\/\/innocentiemangonipiante.it\/de\/wp-json\/wp\/v2\/media?parent=15621"}],"wp:term":[{"taxonomy":"product_brand","embeddable":true,"href":"https:\/\/innocentiemangonipiante.it\/de\/wp-json\/wp\/v2\/product_brand?post=15621"},{"taxonomy":"product_cat","embeddable":true,"href":"https:\/\/innocentiemangonipiante.it\/de\/wp-json\/wp\/v2\/product_cat?post=15621"},{"taxonomy":"product_tag","embeddable":true,"href":"https:\/\/innocentiemangonipiante.it\/de\/wp-json\/wp\/v2\/product_tag?post=15621"}],"curies":[{"name":"wp","href":"https:\/\/api.w.org\/{rel}","templated":true}]}}