{"id":15622,"date":"2023-11-04T03:15:46","date_gmt":"2023-11-04T02:15:46","guid":{"rendered":"http:\/\/innocentiemangonipiante.it\/tilia-platyphyllos\/"},"modified":"2023-11-08T13:50:31","modified_gmt":"2023-11-08T12:50:31","slug":"tilia-platyphyllos","status":"publish","type":"product","link":"https:\/\/innocentiemangonipiante.it\/de\/tilia-platyphyllos\/","title":{"rendered":"TILIA platyphyllos"},"content":{"rendered":"<p>S\u00e4ulenf\u00f6rmiger Baum mit rundlichen bis eif\u00f6rmigen, dunkelgr\u00fcnen, 8-15 cm langen Bl\u00e4ttern, die auf der Unterseite heller sind und im Herbst gelb werden. Gelbe, stark duftende Bl\u00fcten im Juni-Juli. Vieleicht die am st\u00e4rksten duftende Sorte. Die jungen Zweige sind braun-r\u00f6tlich. Sehr winterharte Sorte.<\/p>\n","protected":false},"excerpt":{"rendered":"<p>S\u00e4ulenf\u00f6rmiger Baum mit rundlichen bis eif\u00f6rmigen, dunkelgr\u00fcnen, 8-15 cm langen Bl\u00e4ttern, die auf der Unterseite heller sind und im Herbst gelb werden. Gelbe, stark duftende Bl\u00fcten im Juni-Juli. Vieleicht die am st\u00e4rksten duftende Sorte. Die jungen Zweige sind braun-r\u00f6tlich. Sehr winterharte Sorte.<\/p>\n","protected":false},"featured_media":5829,"template":"","meta":{"_acf_changed":false},"product_brand":[],"product_cat":[8813],"product_tag":[10898,8401,8433,8425,8597],"class_list":{"0":"post-15622","1":"product","2":"type-product","3":"status-publish","4":"has-post-thumbnail","6":"product_cat-laubbaume-und-straucher","7":"product_tag-naturlichen","8":"product_tag-hochstamm","9":"product_tag-hochstamm-dach","10":"product_tag-hochstamm-spalier","11":"product_tag-multistamm","12":"pa_altezza-massima-25-meter","13":"pa_altezza-massima-35-meter","14":"pa_colore-fioritura-gelbe","15":"pa_condizionamento-clt-de","16":"pa_condizionamento-m-de","17":"pa_famiglia-tiliaceae-de","18":"pa_genere-tilia-de","19":"pa_origine-europe-de","20":"pa_periodo-fioritura-juli","21":"pa_periodo-fioritura-juni","22":"pa_portamento-arrotondato-de","23":"pa_profumo-intensiv","24":"pa_resistenza-climatica-sehr-hoch","25":"pa_resistenza-del-suolo-bestandig-gegen-kalkhaltige-boden","26":"pa_utilizzo-parks-de","28":"first","29":"instock","30":"purchasable","31":"product-type-simple"},"acf":[],"_links":{"self":[{"href":"https:\/\/innocentiemangonipiante.it\/de\/wp-json\/wp\/v2\/product\/15622","targetHints":{"allow":["GET"]}}],"collection":[{"href":"https:\/\/innocentiemangonipiante.it\/de\/wp-json\/wp\/v2\/product"}],"about":[{"href":"https:\/\/innocentiemangonipiante.it\/de\/wp-json\/wp\/v2\/types\/product"}],"wp:featuredmedia":[{"embeddable":true,"href":"https:\/\/innocentiemangonipiante.it\/de\/wp-json\/wp\/v2\/media\/5829"}],"wp:attachment":[{"href":"https:\/\/innocentiemangonipiante.it\/de\/wp-json\/wp\/v2\/media?parent=15622"}],"wp:term":[{"taxonomy":"product_brand","embeddable":true,"href":"https:\/\/innocentiemangonipiante.it\/de\/wp-json\/wp\/v2\/product_brand?post=15622"},{"taxonomy":"product_cat","embeddable":true,"href":"https:\/\/innocentiemangonipiante.it\/de\/wp-json\/wp\/v2\/product_cat?post=15622"},{"taxonomy":"product_tag","embeddable":true,"href":"https:\/\/innocentiemangonipiante.it\/de\/wp-json\/wp\/v2\/product_tag?post=15622"}],"curies":[{"name":"wp","href":"https:\/\/api.w.org\/{rel}","templated":true}]}}