{"id":15623,"date":"2023-11-04T03:15:39","date_gmt":"2023-11-04T02:15:39","guid":{"rendered":"http:\/\/innocentiemangonipiante.it\/tilia-henryana\/"},"modified":"2023-11-08T13:50:26","modified_gmt":"2023-11-08T12:50:26","slug":"tilia-henryana","status":"publish","type":"product","link":"https:\/\/innocentiemangonipiante.it\/de\/tilia-henryana\/","title":{"rendered":"TILIA henryana"},"content":{"rendered":"<p>Langsames Wachstum und ausgedehnt im Habitus. Breit-eif\u00f6rmige Bl\u00e4tter, im jungen Alter bronzefarbig, dann gl\u00e4nzend-gr\u00fcn. Sehr interessant und karaktervoll, die sichtlichen gez\u00e4hnten Blattr\u00e4nder. Sehr dekorative und parfummierte Bl\u00fcte.<\/p>\n","protected":false},"excerpt":{"rendered":"<p>Langsames Wachstum und ausgedehnt im Habitus. Breit-eif\u00f6rmige Bl\u00e4tter, im jungen Alter bronzefarbig, dann gl\u00e4nzend-gr\u00fcn. Sehr interessant und karaktervoll, die sichtlichen gez\u00e4hnten Blattr\u00e4nder. Sehr dekorative und parfummierte Bl\u00fcte.<\/p>\n","protected":false},"featured_media":5823,"template":"","meta":{"_acf_changed":false},"product_brand":[],"product_cat":[8813,9231],"product_tag":[10898,8401,8597],"class_list":{"0":"post-15623","1":"product","2":"type-product","3":"status-publish","4":"has-post-thumbnail","6":"product_cat-laubbaume-und-straucher","7":"product_cat-baume-und-pflanzen-der-zukunft","8":"product_tag-naturlichen","9":"product_tag-hochstamm","10":"product_tag-multistamm","11":"pa_altezza-massima-15-meter","12":"pa_altezza-massima-20-meter","13":"pa_colore-fioritura-weis","14":"pa_condizionamento-clt-de","15":"pa_condizionamento-m-de","16":"pa_famiglia-tiliaceae-de","17":"pa_genere-tilia-de","18":"pa_origine-china-de","19":"pa_periodo-fioritura-juli","20":"pa_periodo-fioritura-juni","21":"pa_portamento-arrotondato-de","22":"pa_profumo-intensiv","23":"pa_resistenza-climatica-sehr-hoch","24":"pa_resistenza-del-suolo-bestandig-gegen-kalkhaltige-boden","25":"pa_utilizzo-kleine-gaerten","26":"pa_utilizzo-parks-de","28":"first","29":"instock","30":"purchasable","31":"product-type-simple"},"acf":[],"_links":{"self":[{"href":"https:\/\/innocentiemangonipiante.it\/de\/wp-json\/wp\/v2\/product\/15623","targetHints":{"allow":["GET"]}}],"collection":[{"href":"https:\/\/innocentiemangonipiante.it\/de\/wp-json\/wp\/v2\/product"}],"about":[{"href":"https:\/\/innocentiemangonipiante.it\/de\/wp-json\/wp\/v2\/types\/product"}],"wp:featuredmedia":[{"embeddable":true,"href":"https:\/\/innocentiemangonipiante.it\/de\/wp-json\/wp\/v2\/media\/5823"}],"wp:attachment":[{"href":"https:\/\/innocentiemangonipiante.it\/de\/wp-json\/wp\/v2\/media?parent=15623"}],"wp:term":[{"taxonomy":"product_brand","embeddable":true,"href":"https:\/\/innocentiemangonipiante.it\/de\/wp-json\/wp\/v2\/product_brand?post=15623"},{"taxonomy":"product_cat","embeddable":true,"href":"https:\/\/innocentiemangonipiante.it\/de\/wp-json\/wp\/v2\/product_cat?post=15623"},{"taxonomy":"product_tag","embeddable":true,"href":"https:\/\/innocentiemangonipiante.it\/de\/wp-json\/wp\/v2\/product_tag?post=15623"}],"curies":[{"name":"wp","href":"https:\/\/api.w.org\/{rel}","templated":true}]}}