{"id":15624,"date":"2023-11-04T03:16:11","date_gmt":"2023-11-04T02:16:11","guid":{"rendered":"http:\/\/innocentiemangonipiante.it\/tilia-x-green-tuscany\/"},"modified":"2023-11-08T13:50:42","modified_gmt":"2023-11-08T12:50:42","slug":"tilia-x-green-tuscany","status":"publish","type":"product","link":"https:\/\/innocentiemangonipiante.it\/de\/tilia-x-green-tuscany\/","title":{"rendered":"TILIA x &#8218;Green Tuscany&#8216;"},"content":{"rendered":"<p>Schnell- und starkwachsender Baum. Veredelt auf T. platyphyllos. Produziert zahlreiche duftende Bl\u00fcten am Anfang des Sommers. Grosse dunkelgr\u00fcne Bl\u00e4tter.<\/p>\n","protected":false},"excerpt":{"rendered":"<p>Schnell- und starkwachsender Baum. Veredelt auf T. platyphyllos. Produziert zahlreiche duftende Bl\u00fcten am Anfang des Sommers. Grosse dunkelgr\u00fcne Bl\u00e4tter.<\/p>\n","protected":false},"featured_media":0,"template":"","meta":{"_acf_changed":false},"product_brand":[],"product_cat":[8813],"product_tag":[10898,8401,8425],"class_list":{"0":"post-15624","1":"product","2":"type-product","3":"status-publish","5":"product_cat-laubbaume-und-straucher","6":"product_tag-naturlichen","7":"product_tag-hochstamm","8":"product_tag-hochstamm-spalier","9":"pa_altezza-massima-20-meter","10":"pa_altezza-massima-25-meter","11":"pa_colore-fioritura-weis","12":"pa_condizionamento-clt-de","13":"pa_condizionamento-m-de","14":"pa_famiglia-tiliaceae-de","15":"pa_genere-tilia-de","16":"pa_origine-italien","17":"pa_periodo-fioritura-juli","18":"pa_periodo-fioritura-juni","19":"pa_portamento-saulenformig","20":"pa_profumo-intensiv","21":"pa_resistenza-climatica-sehr-hoch","22":"pa_resistenza-del-suolo-bestandig-gegen-kalkhaltige-boden","23":"pa_resistenza-del-suolo-bestandig-gegen-trockene-boden","24":"pa_utilizzo-alleen","25":"pa_utilizzo-parks-de","27":"first","28":"instock","29":"purchasable","30":"product-type-simple"},"acf":[],"_links":{"self":[{"href":"https:\/\/innocentiemangonipiante.it\/de\/wp-json\/wp\/v2\/product\/15624","targetHints":{"allow":["GET"]}}],"collection":[{"href":"https:\/\/innocentiemangonipiante.it\/de\/wp-json\/wp\/v2\/product"}],"about":[{"href":"https:\/\/innocentiemangonipiante.it\/de\/wp-json\/wp\/v2\/types\/product"}],"wp:attachment":[{"href":"https:\/\/innocentiemangonipiante.it\/de\/wp-json\/wp\/v2\/media?parent=15624"}],"wp:term":[{"taxonomy":"product_brand","embeddable":true,"href":"https:\/\/innocentiemangonipiante.it\/de\/wp-json\/wp\/v2\/product_brand?post=15624"},{"taxonomy":"product_cat","embeddable":true,"href":"https:\/\/innocentiemangonipiante.it\/de\/wp-json\/wp\/v2\/product_cat?post=15624"},{"taxonomy":"product_tag","embeddable":true,"href":"https:\/\/innocentiemangonipiante.it\/de\/wp-json\/wp\/v2\/product_tag?post=15624"}],"curies":[{"name":"wp","href":"https:\/\/api.w.org\/{rel}","templated":true}]}}