{"id":15625,"date":"2023-11-04T03:16:28","date_gmt":"2023-11-04T02:16:28","guid":{"rendered":"http:\/\/innocentiemangonipiante.it\/tilia-x-europaea-pallida\/"},"modified":"2023-11-08T13:50:47","modified_gmt":"2023-11-08T12:50:47","slug":"tilia-x-europaea-pallida","status":"publish","type":"product","link":"https:\/\/innocentiemangonipiante.it\/de\/tilia-x-europaea-pallida\/","title":{"rendered":"TILIA x europaea &#8218;Pallida&#8216;"},"content":{"rendered":"<p>Sommergr\u00fcner gro\u00dfer Baum mit kegelf\u00f6rmigem regelm\u00e4\u00dfigem Wuchs sehr kr\u00e4ftig. Die jungen Zweige nehmen im Winter eine charkteristische r\u00f6tliche Farbe an. Hellgr\u00fcnes Blattwerk, das im Herbst goldgelb wird.<\/p>\n","protected":false},"excerpt":{"rendered":"<p>Sommergr\u00fcner gro\u00dfer Baum mit kegelf\u00f6rmigem regelm\u00e4\u00dfigem Wuchs sehr kr\u00e4ftig. Die jungen Zweige nehmen im Winter eine charkteristische r\u00f6tliche Farbe an. Hellgr\u00fcnes Blattwerk, das im Herbst goldgelb wird.<\/p>\n","protected":false},"featured_media":5860,"template":"","meta":{"_acf_changed":false},"product_brand":[],"product_cat":[8813],"product_tag":[10898,8401,8425],"class_list":{"0":"post-15625","1":"product","2":"type-product","3":"status-publish","4":"has-post-thumbnail","6":"product_cat-laubbaume-und-straucher","7":"product_tag-naturlichen","8":"product_tag-hochstamm","9":"product_tag-hochstamm-spalier","10":"pa_altezza-massima-25-meter","11":"pa_altezza-massima-35-meter","12":"pa_arte-topiaria-verfuegbar-formgehoelze","13":"pa_colore-fioritura-gelbe","14":"pa_condizionamento-clt-de","15":"pa_condizionamento-m-de","16":"pa_famiglia-tiliaceae-de","17":"pa_genere-tilia-de","18":"pa_origine-europe-de","19":"pa_periodo-fioritura-juni","20":"pa_periodo-fioritura-mai-de","21":"pa_portamento-piramidale-de","22":"pa_profumo-intensiv","23":"pa_resistenza-climatica-sehr-hoch","24":"pa_resistenza-del-suolo-bestandig-gegen-kalkhaltige-boden","25":"pa_utilizzo-alleen","26":"pa_utilizzo-parks-de","28":"first","29":"instock","30":"purchasable","31":"product-type-simple"},"acf":[],"_links":{"self":[{"href":"https:\/\/innocentiemangonipiante.it\/de\/wp-json\/wp\/v2\/product\/15625","targetHints":{"allow":["GET"]}}],"collection":[{"href":"https:\/\/innocentiemangonipiante.it\/de\/wp-json\/wp\/v2\/product"}],"about":[{"href":"https:\/\/innocentiemangonipiante.it\/de\/wp-json\/wp\/v2\/types\/product"}],"wp:featuredmedia":[{"embeddable":true,"href":"https:\/\/innocentiemangonipiante.it\/de\/wp-json\/wp\/v2\/media\/5860"}],"wp:attachment":[{"href":"https:\/\/innocentiemangonipiante.it\/de\/wp-json\/wp\/v2\/media?parent=15625"}],"wp:term":[{"taxonomy":"product_brand","embeddable":true,"href":"https:\/\/innocentiemangonipiante.it\/de\/wp-json\/wp\/v2\/product_brand?post=15625"},{"taxonomy":"product_cat","embeddable":true,"href":"https:\/\/innocentiemangonipiante.it\/de\/wp-json\/wp\/v2\/product_cat?post=15625"},{"taxonomy":"product_tag","embeddable":true,"href":"https:\/\/innocentiemangonipiante.it\/de\/wp-json\/wp\/v2\/product_tag?post=15625"}],"curies":[{"name":"wp","href":"https:\/\/api.w.org\/{rel}","templated":true}]}}