{"id":15626,"date":"2023-11-04T03:16:21","date_gmt":"2023-11-04T02:16:21","guid":{"rendered":"http:\/\/innocentiemangonipiante.it\/tilia-x-euchlora\/"},"modified":"2023-11-08T13:50:45","modified_gmt":"2023-11-08T12:50:45","slug":"tilia-x-euchlora","status":"publish","type":"product","link":"https:\/\/innocentiemangonipiante.it\/de\/tilia-x-euchlora\/","title":{"rendered":"TILIA x euchlora"},"content":{"rendered":"<p>Rundlicher Baum mittlerer Gr\u00f6\u00dfe mit leicht abfallenden Zweigen im Alter. Die rundlichen bis eif\u00f6rmigen Bl\u00e4tter sind am Fu\u00df herzf\u00f6rmig, gl\u00e4nzend, dunkelgr\u00fcn auf der Ober- und hellgr\u00fcn auf der Unterseite. Mitte Sommer zieren ihn Dolden mit 4-8 wei\u00dfen und gelb-wei\u00dfen Bl\u00fcten. Die jungen Zweige sind gr\u00fcn-gelblich. Die Rinde ist hellgrau.<\/p>\n","protected":false},"excerpt":{"rendered":"<p>Rundlicher Baum mittlerer Gr\u00f6\u00dfe mit leicht abfallenden Zweigen im Alter. Die rundlichen bis eif\u00f6rmigen Bl\u00e4tter sind am Fu\u00df herzf\u00f6rmig, gl\u00e4nzend, dunkelgr\u00fcn auf der Ober- und hellgr\u00fcn auf der Unterseite. Mitte Sommer zieren ihn Dolden mit 4-8 wei\u00dfen und gelb-wei\u00dfen Bl\u00fcten. Die jungen Zweige sind gr\u00fcn-gelblich. Die Rinde ist hellgrau.<\/p>\n","protected":false},"featured_media":5854,"template":"","meta":{"_acf_changed":false},"product_brand":[],"product_cat":[8813],"product_tag":[10898,8401,8597],"class_list":{"0":"post-15626","1":"product","2":"type-product","3":"status-publish","4":"has-post-thumbnail","6":"product_cat-laubbaume-und-straucher","7":"product_tag-naturlichen","8":"product_tag-hochstamm","9":"product_tag-multistamm","10":"pa_altezza-massima-15-meter","11":"pa_altezza-massima-20-meter","12":"pa_colore-fioritura-weis","13":"pa_condizionamento-clt-de","14":"pa_condizionamento-m-de","15":"pa_famiglia-tiliaceae-de","16":"pa_genere-tilia-de","17":"pa_origine-europe-de","18":"pa_periodo-fioritura-juli","19":"pa_portamento-arrotondato-de","20":"pa_profumo-intensiv","21":"pa_resistenza-climatica-sehr-hoch","22":"pa_resistenza-del-suolo-bestandig-gegen-kalkhaltige-boden","23":"pa_resistenza-del-suolo-bestandig-gegen-trockene-boden","24":"pa_utilizzo-alleen","25":"pa_utilizzo-parks-de","27":"first","28":"instock","29":"purchasable","30":"product-type-simple"},"acf":[],"_links":{"self":[{"href":"https:\/\/innocentiemangonipiante.it\/de\/wp-json\/wp\/v2\/product\/15626","targetHints":{"allow":["GET"]}}],"collection":[{"href":"https:\/\/innocentiemangonipiante.it\/de\/wp-json\/wp\/v2\/product"}],"about":[{"href":"https:\/\/innocentiemangonipiante.it\/de\/wp-json\/wp\/v2\/types\/product"}],"wp:featuredmedia":[{"embeddable":true,"href":"https:\/\/innocentiemangonipiante.it\/de\/wp-json\/wp\/v2\/media\/5854"}],"wp:attachment":[{"href":"https:\/\/innocentiemangonipiante.it\/de\/wp-json\/wp\/v2\/media?parent=15626"}],"wp:term":[{"taxonomy":"product_brand","embeddable":true,"href":"https:\/\/innocentiemangonipiante.it\/de\/wp-json\/wp\/v2\/product_brand?post=15626"},{"taxonomy":"product_cat","embeddable":true,"href":"https:\/\/innocentiemangonipiante.it\/de\/wp-json\/wp\/v2\/product_cat?post=15626"},{"taxonomy":"product_tag","embeddable":true,"href":"https:\/\/innocentiemangonipiante.it\/de\/wp-json\/wp\/v2\/product_tag?post=15626"}],"curies":[{"name":"wp","href":"https:\/\/api.w.org\/{rel}","templated":true}]}}