{"id":15627,"date":"2023-11-04T03:15:32","date_gmt":"2023-11-04T02:15:32","guid":{"rendered":"http:\/\/innocentiemangonipiante.it\/tilia-cordata-winter-orange\/"},"modified":"2023-11-08T13:50:23","modified_gmt":"2023-11-08T12:50:23","slug":"tilia-cordata-winter-orange","status":"publish","type":"product","link":"https:\/\/innocentiemangonipiante.it\/de\/tilia-cordata-winter-orange\/","title":{"rendered":"TILIA cordata &#8218;Winter Orange&#8216;"},"content":{"rendered":"<p>Gro\u00dfer Baum mit einer ovaler Krone rot-orange Bl\u00fcten und Knospen im Winter. Duftende wei\u00dfe Bl\u00fcten im Juli. Es ist eine gute Wahl f\u00fcr Alleen und toleriert der st\u00e4dtischen Umwelt.<\/p>\n","protected":false},"excerpt":{"rendered":"<p>Gro\u00dfer Baum mit einer ovaler Krone rot-orange Bl\u00fcten und Knospen im Winter. Duftende wei\u00dfe Bl\u00fcten im Juli. Es ist eine gute Wahl f\u00fcr Alleen und toleriert der st\u00e4dtischen Umwelt.<\/p>\n","protected":false},"featured_media":5817,"template":"","meta":{"_acf_changed":false},"product_brand":[],"product_cat":[8813,9231],"product_tag":[10898,8401,8597],"class_list":{"0":"post-15627","1":"product","2":"type-product","3":"status-publish","4":"has-post-thumbnail","6":"product_cat-laubbaume-und-straucher","7":"product_cat-baume-und-pflanzen-der-zukunft","8":"product_tag-naturlichen","9":"product_tag-hochstamm","10":"product_tag-multistamm","11":"pa_altezza-massima-15-meter","12":"pa_altezza-massima-20-meter","13":"pa_colore-fioritura-weis","14":"pa_condizionamento-clt-de","15":"pa_condizionamento-m-de","16":"pa_famiglia-tiliaceae-de","17":"pa_genere-tilia-de","18":"pa_inquinamento-bestaendigkeit-gegen-smog","19":"pa_origine-holland-de","20":"pa_portamento-arrotondato-de","21":"pa_profumo-intensiv","22":"pa_resistenza-climatica-sehr-hoch","23":"pa_resistenza-del-suolo-bestandig-gegen-trockene-boden","24":"pa_resistenza-del-suolo-bestandigkeit-auf-feuchten-boden","25":"pa_utilizzo-alleen","26":"pa_utilizzo-parks-de","28":"first","29":"instock","30":"purchasable","31":"product-type-simple"},"acf":[],"_links":{"self":[{"href":"https:\/\/innocentiemangonipiante.it\/de\/wp-json\/wp\/v2\/product\/15627","targetHints":{"allow":["GET"]}}],"collection":[{"href":"https:\/\/innocentiemangonipiante.it\/de\/wp-json\/wp\/v2\/product"}],"about":[{"href":"https:\/\/innocentiemangonipiante.it\/de\/wp-json\/wp\/v2\/types\/product"}],"wp:featuredmedia":[{"embeddable":true,"href":"https:\/\/innocentiemangonipiante.it\/de\/wp-json\/wp\/v2\/media\/5817"}],"wp:attachment":[{"href":"https:\/\/innocentiemangonipiante.it\/de\/wp-json\/wp\/v2\/media?parent=15627"}],"wp:term":[{"taxonomy":"product_brand","embeddable":true,"href":"https:\/\/innocentiemangonipiante.it\/de\/wp-json\/wp\/v2\/product_brand?post=15627"},{"taxonomy":"product_cat","embeddable":true,"href":"https:\/\/innocentiemangonipiante.it\/de\/wp-json\/wp\/v2\/product_cat?post=15627"},{"taxonomy":"product_tag","embeddable":true,"href":"https:\/\/innocentiemangonipiante.it\/de\/wp-json\/wp\/v2\/product_tag?post=15627"}],"curies":[{"name":"wp","href":"https:\/\/api.w.org\/{rel}","templated":true}]}}